{"id":9275,"date":"2022-02-10T14:30:00","date_gmt":"2022-02-10T14:30:00","guid":{"rendered":"https:\/\/innersync.de\/mindfulness-at-work\/"},"modified":"2025-09-01T09:37:55","modified_gmt":"2025-09-01T09:37:55","slug":"mindfulness-at-work","status":"publish","type":"page","link":"https:\/\/innersync.de\/de\/mindfulness-at-work\/","title":{"rendered":"Mindfulness@work"},"content":{"rendered":"\t\t<div data-elementor-type=\"wp-page\" data-elementor-id=\"9275\" class=\"elementor elementor-9275\" data-elementor-post-type=\"page\">\n\t\t\t\t\t\t<section class=\"elementor-section elementor-top-section elementor-element elementor-element-12717a87 elementor-section-content-top elementor-section-height-min-height elementor-section-items-stretch elementor-section-boxed elementor-section-height-default\" data-id=\"12717a87\" data-element_type=\"section\" data-e-type=\"section\" data-settings=\"{&quot;background_background&quot;:&quot;classic&quot;}\">\n\t\t\t\t\t\t\t<div class=\"elementor-background-overlay\"><\/div>\n\t\t\t\t\t\t\t<div class=\"elementor-container elementor-column-gap-default\">\n\t\t\t\t\t<div class=\"elementor-column elementor-col-100 elementor-top-column elementor-element elementor-element-2dfdbf2b\" data-id=\"2dfdbf2b\" data-element_type=\"column\" data-e-type=\"column\">\n\t\t\t<div class=\"elementor-widget-wrap elementor-element-populated\">\n\t\t\t\t\t\t<div class=\"elementor-element elementor-element-5871e29e animated-slow elementor-invisible elementor-widget elementor-widget-heading\" data-id=\"5871e29e\" data-element_type=\"widget\" data-e-type=\"widget\" data-settings=\"{&quot;_animation&quot;:&quot;fadeIn&quot;,&quot;_animation_delay&quot;:600}\" data-widget_type=\"heading.default\">\n\t\t\t\t<div class=\"elementor-widget-container\">\n\t\t\t\t\t<h1 class=\"elementor-heading-title elementor-size-default\">Achtsamkeit@WORk<\/h1>\t\t\t\t<\/div>\n\t\t\t\t<\/div>\n\t\t\t\t<div class=\"elementor-element elementor-element-56fd569 animated-slow elementor-invisible elementor-widget elementor-widget-heading\" data-id=\"56fd569\" data-element_type=\"widget\" data-e-type=\"widget\" data-settings=\"{&quot;_animation&quot;:&quot;fadeIn&quot;,&quot;_animation_delay&quot;:600}\" data-widget_type=\"heading.default\">\n\t\t\t\t<div class=\"elementor-widget-container\">\n\t\t\t\t\t<h1 class=\"elementor-heading-title elementor-size-default\">Erst <i><b> Mensch<\/i><\/b> sein. F\u00fchrung folgt.<\/h1>\t\t\t\t<\/div>\n\t\t\t\t<\/div>\n\t\t\t\t\t<\/div>\n\t\t<\/div>\n\t\t\t\t\t<\/div>\n\t\t<\/section>\n\t\t\t\t<section class=\"elementor-section elementor-top-section elementor-element elementor-element-2829032 elementor-section-height-min-height elementor-section-boxed elementor-section-height-default elementor-section-items-middle\" data-id=\"2829032\" data-element_type=\"section\" data-e-type=\"section\" data-settings=\"{&quot;background_background&quot;:&quot;classic&quot;}\">\n\t\t\t\t\t\t\t<div class=\"elementor-background-overlay\"><\/div>\n\t\t\t\t\t\t\t<div class=\"elementor-container elementor-column-gap-default\">\n\t\t\t\t\t<div class=\"elementor-column elementor-col-100 elementor-top-column elementor-element elementor-element-9dd1a23\" data-id=\"9dd1a23\" data-element_type=\"column\" data-e-type=\"column\" data-settings=\"{&quot;background_background&quot;:&quot;classic&quot;}\">\n\t\t\t<div class=\"elementor-widget-wrap elementor-element-populated\">\n\t\t\t\t\t<div class=\"elementor-background-overlay\"><\/div>\n\t\t\t\t\t\t<div class=\"elementor-element elementor-element-56b98fc elementor-widget elementor-widget-heading\" data-id=\"56b98fc\" data-element_type=\"widget\" data-e-type=\"widget\" data-widget_type=\"heading.default\">\n\t\t\t\t<div class=\"elementor-widget-container\">\n\t\t\t\t\t<h2 class=\"elementor-heading-title elementor-size-default\">Mindfulness@work<\/h2>\t\t\t\t<\/div>\n\t\t\t\t<\/div>\n\t\t\t\t<div class=\"elementor-element elementor-element-3c2047e elementor-widget-divider--view-line elementor-widget elementor-widget-divider\" data-id=\"3c2047e\" data-element_type=\"widget\" data-e-type=\"widget\" data-widget_type=\"divider.default\">\n\t\t\t\t<div class=\"elementor-widget-container\">\n\t\t\t\t\t\t\t<div class=\"elementor-divider\">\n\t\t\t<span class=\"elementor-divider-separator\">\n\t\t\t\t\t\t<\/span>\n\t\t<\/div>\n\t\t\t\t\t\t<\/div>\n\t\t\t\t<\/div>\n\t\t\t\t\t<\/div>\n\t\t<\/div>\n\t\t\t\t\t<\/div>\n\t\t<\/section>\n\t\t\t\t<section class=\"elementor-section elementor-top-section elementor-element elementor-element-73d0b95 elementor-section-boxed elementor-section-height-default elementor-section-height-default\" data-id=\"73d0b95\" data-element_type=\"section\" data-e-type=\"section\" data-settings=\"{&quot;background_background&quot;:&quot;classic&quot;}\">\n\t\t\t\t\t\t<div class=\"elementor-container elementor-column-gap-default\">\n\t\t\t\t\t<div class=\"elementor-column elementor-col-100 elementor-top-column elementor-element elementor-element-631e791\" data-id=\"631e791\" data-element_type=\"column\" data-e-type=\"column\">\n\t\t\t<div class=\"elementor-widget-wrap elementor-element-populated\">\n\t\t\t\t\t\t<div class=\"elementor-element elementor-element-b6a4c28 elementor-widget elementor-widget-text-editor\" data-id=\"b6a4c28\" data-element_type=\"widget\" data-e-type=\"widget\" data-widget_type=\"text-editor.default\">\n\t\t\t\t<div class=\"elementor-widget-container\">\n\t\t\t\t\t\t\t\t\t<p><strong>THEMEN<\/strong><\/p><ul><li><strong>Einf\u00fchrung in die Achtsamkeit: <\/strong>Was ist Achtsamkeit und was sind ihre wissenschaftlich nachgewiesenen Vorteile?  <\/li><li><strong>Achtsamkeit gegen\u00fcber dem K\u00f6rper: <\/strong> Wir leben losgel\u00f6st von unserem K\u00f6rper, vor allem weil wir dazu neigen zu glauben, dass unser Verstand unseren K\u00f6rper \u00fcberdenken und \u00fcberlisten kann. In Wahrheit leben unsere Gedanken und Emotionen in unserem K\u00f6rper. Es ist wichtig, die Verbindung zum K\u00f6rper wiederherzustellen, indem Sie<br>Empfindungen und Emotionen wahrnehmen, sowohl angenehme als auch unangenehme.  <\/li><li><strong>Mindfulness gegen\u00fcber Emotionen:<\/strong> Emotionen sind normal und notwendig und sind ein nat\u00fcrlicher Bestandteil des Lebens. Bewusstheit \u00fcber unsere Emotionen hilft uns zu erkennen, dass wir nicht unsere Emotionen sind. Dies erm\u00f6glicht es uns, mehr Balance und Freiheit in unserem Leben zu finden.<\/li><li><strong>Mit dem Schwierigen und Unangenehmen sein:<\/strong> Wenn wir Mindfulness praktizieren, werden wir unweigerlich auch mit unangenhmen Gef\u00fchlen, Empfindungen, Gedanken oder Erinnerungen konfrontiert. Sie sind notwendiger Bestandteil, wenn wir Achtsamkeit lernen und praktizieren. Auch das Unangenehme ist Teil unserer gesamten menschlichen Erfahrung und kann liebevoll willkommen gehei\u00dfen, wahrgenommen und losgelassen werden &#8211; wenn wir lernen, f\u00fcr den gegenw\u00e4rtigen Moment offen zu sein. Das offene Bewusstsein der Achtsamkeit bedeutet, dass wir dem Unangenehmen oder Schwierigen begegnen, ohne zu bewerten oder zu urteilen.  <\/li><li><strong>Liebevolle Freundlichkeit und Mitgef\u00fchl:<\/strong> Der Fokus liegt darauf, sich sich selbst in einer Haltung von Wohlwollen, Freundlichkeit, Gro\u00dfz\u00fcgigkeit und Mitgef\u00fchl zuzuwenden. Wir beginnen mit uns selbst und \u00fcben, uns selbst liebevolle G\u00fcte und Mitgef\u00fchl als Antwort auf Selbstkritik anzubieten. Das Ziel besteht nicht darin, selbstkritische Gedanken zu eliminieren, sondern ihnen zu erlauben, sie anzuerkennen, ohne ihnen auszuweichen, und ihnen dann mit liebevoller Freundlichkeit zu begegnen.  <\/li><li><strong>Mindfulness bei Kommunikation und F\u00fchrung:<\/strong> Die \u00dcbungen in diesem Modul gehen \u00fcber das Individuum hinaus und erstrecken sich auf Beziehungen und Interaktionen mit anderen. Wir k\u00f6nnen Achtsamkeit in die Art und Weise einbringen, wie wir mit anderen umgehen, uns unterhalten und ihnen helfen.  <\/li><li><strong>Resilienz:<\/strong> Wir erforschen Resilienz nicht als &#8222;Abh\u00e4rtung&#8220;, um Schwierigkeiten wie einen Kampf zu bew\u00e4ltigen, sondern als eine Geisteshaltung, die uns hilft, angesichts von Herausforderungen Ruhe, Ausgeglichenheit, Klarheit und Freundlichkeit zu bewahren <br>. St\u00e4rke und Tapferkeit sind innere Ressourcen, die es uns erm\u00f6glichen, Mitgef\u00fchl zu zeigen.  <\/li><li><strong>Mindfulness f\u00fcr Angst:<\/strong> Ein offenes Bewusstsein f\u00fcr die Gegenwart kann uns helfen, uns vor der Angst vor der Zukunft und den begleitenden niederdr\u00fcckenden Gedanken, zu befreien. zu befreien. Unser Ziel in dieser Sitzung ist es, die Angst zu verstehen, zu erkennen, wie sie sich in Empfindungen, Emotionen und Gedanken manifestiert, und verschiedene M\u00f6glichkeiten zu \u00fcben, wie Sie sanft und mitf\u00fchlend mit ihr umgehen k\u00f6nnen.  <\/li><li><strong>Mindfulness@Work:<\/strong> Zu oft arbeiten wir mit inneren Bewertungen wie ein Schwarz-Weiss-Denken, im Sinne von richtig und falsch, gut und schlecht, m\u00e4chtig und machtlos \u2013 all dies kann eher zu einem Urteil als zu einer achtsamen Wahrnehmung der Gegenwart f\u00fchren. In dieser Sitzung geht es darum, wie wir mit anderen in ihrer jeweiligen Arbeitsrolle umgehen.  <\/li><li><strong>Mindfulness moving forward:<\/strong> Wir reflektieren am Ende des Webinars, wie die Teilnehmer ihre MIndfulness Praxis k\u00fcnftig in ihrem Alltag integrieren m\u00f6chten. Das Ziel ist es, die F\u00e4higkeiten, Techniken, die Ausdauer und den Eifer, t\u00e4glich zu meditieren <br>und Achtsamkeitstechniken anzuwenden, wenn wir Stress oder Konflikten begegnen, weiterzugeben.  <\/li><\/ul>\t\t\t\t\t\t\t\t<\/div>\n\t\t\t\t<\/div>\n\t\t\t\t\t<\/div>\n\t\t<\/div>\n\t\t\t\t\t<\/div>\n\t\t<\/section>\n\t\t\t\t<section class=\"elementor-section elementor-top-section elementor-element elementor-element-33d217e9 elementor-section-content-middle elementor-section-stretched elementor-section-height-min-height elementor-section-items-stretch elementor-section-boxed elementor-section-height-default\" data-id=\"33d217e9\" data-element_type=\"section\" data-e-type=\"section\" data-settings=\"{&quot;background_background&quot;:&quot;classic&quot;,&quot;stretch_section&quot;:&quot;section-stretched&quot;,&quot;shape_divider_top&quot;:&quot;waves&quot;}\">\n\t\t\t\t\t\t\t<div class=\"elementor-background-overlay\"><\/div>\n\t\t\t\t\t\t<div class=\"elementor-shape elementor-shape-top\" aria-hidden=\"true\" data-negative=\"false\">\n\t\t\t<svg xmlns=\"http:\/\/www.w3.org\/2000\/svg\" viewBox=\"0 0 1000 100\" preserveAspectRatio=\"none\">\n\t<path class=\"elementor-shape-fill\" d=\"M421.9,6.5c22.6-2.5,51.5,0.4,75.5,5.3c23.6,4.9,70.9,23.5,100.5,35.7c75.8,32.2,133.7,44.5,192.6,49.7\n\tc23.6,2.1,48.7,3.5,103.4-2.5c54.7-6,106.2-25.6,106.2-25.6V0H0v30.3c0,0,72,32.6,158.4,30.5c39.2-0.7,92.8-6.7,134-22.4\n\tc21.2-8.1,52.2-18.2,79.7-24.2C399.3,7.9,411.6,7.5,421.9,6.5z\"\/>\n<\/svg>\t\t<\/div>\n\t\t\t\t\t<div class=\"elementor-container elementor-column-gap-default\">\n\t\t\t\t\t<div class=\"elementor-column elementor-col-100 elementor-top-column elementor-element elementor-element-42f98c1\" data-id=\"42f98c1\" data-element_type=\"column\" data-e-type=\"column\">\n\t\t\t<div class=\"elementor-widget-wrap\">\n\t\t\t\t\t\t\t<\/div>\n\t\t<\/div>\n\t\t\t\t\t<\/div>\n\t\t<\/section>\n\t\t\t\t<\/div>\n\t\t","protected":false},"excerpt":{"rendered":"<p>Achtsamkeit@WORk Erst Mensch sein. F\u00fchrung folgt. Mindfulness@work THEMEN Einf\u00fchrung in die Achtsamkeit: Was ist Achtsamkeit und was sind ihre wissenschaftlich nachgewiesenen Vorteile? Achtsamkeit gegen\u00fcber dem K\u00f6rper: Wir leben losgel\u00f6st von unserem K\u00f6rper, vor allem weil wir dazu neigen zu glauben, dass unser Verstand unseren K\u00f6rper \u00fcberdenken und \u00fcberlisten kann. In Wahrheit leben unsere Gedanken und [&hellip;]<\/p>\n","protected":false},"author":1,"featured_media":0,"parent":0,"menu_order":0,"comment_status":"closed","ping_status":"closed","template":"elementor_header_footer","meta":{"_monsterinsights_skip_tracking":false,"_monsterinsights_sitenote_active":false,"_monsterinsights_sitenote_note":"","_monsterinsights_sitenote_category":0,"footnotes":""},"wf_page_folders":[14],"class_list":["post-9275","page","type-page","status-publish","hentry"],"aioseo_notices":[],"_links":{"self":[{"href":"https:\/\/innersync.de\/de\/wp-json\/wp\/v2\/pages\/9275","targetHints":{"allow":["GET"]}}],"collection":[{"href":"https:\/\/innersync.de\/de\/wp-json\/wp\/v2\/pages"}],"about":[{"href":"https:\/\/innersync.de\/de\/wp-json\/wp\/v2\/types\/page"}],"author":[{"embeddable":true,"href":"https:\/\/innersync.de\/de\/wp-json\/wp\/v2\/users\/1"}],"replies":[{"embeddable":true,"href":"https:\/\/innersync.de\/de\/wp-json\/wp\/v2\/comments?post=9275"}],"version-history":[{"count":8,"href":"https:\/\/innersync.de\/de\/wp-json\/wp\/v2\/pages\/9275\/revisions"}],"predecessor-version":[{"id":18678,"href":"https:\/\/innersync.de\/de\/wp-json\/wp\/v2\/pages\/9275\/revisions\/18678"}],"wp:attachment":[{"href":"https:\/\/innersync.de\/de\/wp-json\/wp\/v2\/media?parent=9275"}],"wp:term":[{"taxonomy":"wf_page_folders","embeddable":true,"href":"https:\/\/innersync.de\/de\/wp-json\/wp\/v2\/wf_page_folders?post=9275"}],"curies":[{"name":"wp","href":"https:\/\/api.w.org\/{rel}","templated":true}]}}