{"id":9098,"date":"2022-02-10T14:30:00","date_gmt":"2022-02-10T14:30:00","guid":{"rendered":"https:\/\/innersync.de\/loving-kindness\/"},"modified":"2023-02-28T14:07:40","modified_gmt":"2023-02-28T14:07:40","slug":"loving-kindness","status":"publish","type":"page","link":"https:\/\/innersync.de\/de\/loving-kindness\/","title":{"rendered":"Liebevolle_Freundlichkeit"},"content":{"rendered":"\t\t<div data-elementor-type=\"wp-page\" data-elementor-id=\"9098\" class=\"elementor elementor-9098\" data-elementor-post-type=\"page\">\n\t\t\t\t\t\t<section class=\"elementor-section elementor-top-section elementor-element elementor-element-12717a87 elementor-section-content-top elementor-section-height-min-height elementor-section-items-stretch elementor-section-boxed elementor-section-height-default\" data-id=\"12717a87\" data-element_type=\"section\" data-e-type=\"section\" data-settings=\"{&quot;background_background&quot;:&quot;classic&quot;}\">\n\t\t\t\t\t\t\t<div class=\"elementor-background-overlay\"><\/div>\n\t\t\t\t\t\t\t<div class=\"elementor-container elementor-column-gap-default\">\n\t\t\t\t\t<div class=\"elementor-column elementor-col-100 elementor-top-column elementor-element elementor-element-2dfdbf2b\" data-id=\"2dfdbf2b\" data-element_type=\"column\" data-e-type=\"column\">\n\t\t\t<div class=\"elementor-widget-wrap elementor-element-populated\">\n\t\t\t\t\t\t<div class=\"elementor-element elementor-element-5871e29e animated-slow elementor-invisible elementor-widget elementor-widget-heading\" data-id=\"5871e29e\" data-element_type=\"widget\" data-e-type=\"widget\" data-settings=\"{&quot;_animation&quot;:&quot;fadeIn&quot;,&quot;_animation_delay&quot;:600}\" data-widget_type=\"heading.default\">\n\t\t\t\t<div class=\"elementor-widget-container\">\n\t\t\t\t\t<h1 class=\"elementor-heading-title elementor-size-default\">Akademie<\/h1>\t\t\t\t<\/div>\n\t\t\t\t<\/div>\n\t\t\t\t<div class=\"elementor-element elementor-element-56fd569 animated-slow elementor-invisible elementor-widget elementor-widget-heading\" data-id=\"56fd569\" data-element_type=\"widget\" data-e-type=\"widget\" data-settings=\"{&quot;_animation&quot;:&quot;fadeIn&quot;,&quot;_animation_delay&quot;:600}\" data-widget_type=\"heading.default\">\n\t\t\t\t<div class=\"elementor-widget-container\">\n\t\t\t\t\t<h1 class=\"elementor-heading-title elementor-size-default\">Erst <i><b>Mensch<\/i><\/b> sein. F\u00fchrung <i>folgt.<\/i><\/h1>\t\t\t\t<\/div>\n\t\t\t\t<\/div>\n\t\t\t\t\t<\/div>\n\t\t<\/div>\n\t\t\t\t\t<\/div>\n\t\t<\/section>\n\t\t\t\t<section class=\"elementor-section elementor-top-section elementor-element elementor-element-2829032 elementor-section-height-min-height elementor-section-boxed elementor-section-height-default elementor-section-items-middle\" data-id=\"2829032\" data-element_type=\"section\" data-e-type=\"section\" data-settings=\"{&quot;background_background&quot;:&quot;classic&quot;}\">\n\t\t\t\t\t\t\t<div class=\"elementor-background-overlay\"><\/div>\n\t\t\t\t\t\t\t<div class=\"elementor-container elementor-column-gap-default\">\n\t\t\t\t\t<div class=\"elementor-column elementor-col-100 elementor-top-column elementor-element elementor-element-9dd1a23\" data-id=\"9dd1a23\" data-element_type=\"column\" data-e-type=\"column\" data-settings=\"{&quot;background_background&quot;:&quot;classic&quot;}\">\n\t\t\t<div class=\"elementor-widget-wrap elementor-element-populated\">\n\t\t\t\t\t<div class=\"elementor-background-overlay\"><\/div>\n\t\t\t\t\t\t<div class=\"elementor-element elementor-element-56b98fc elementor-widget elementor-widget-heading\" data-id=\"56b98fc\" data-element_type=\"widget\" data-e-type=\"widget\" data-widget_type=\"heading.default\">\n\t\t\t\t<div class=\"elementor-widget-container\">\n\t\t\t\t\t<h2 class=\"elementor-heading-title elementor-size-default\">METTA Retreat Liebevolle G\u00fcte<\/h2>\t\t\t\t<\/div>\n\t\t\t\t<\/div>\n\t\t\t\t<div class=\"elementor-element elementor-element-3c2047e elementor-widget-divider--view-line elementor-widget elementor-widget-divider\" data-id=\"3c2047e\" data-element_type=\"widget\" data-e-type=\"widget\" data-widget_type=\"divider.default\">\n\t\t\t\t<div class=\"elementor-widget-container\">\n\t\t\t\t\t\t\t<div class=\"elementor-divider\">\n\t\t\t<span class=\"elementor-divider-separator\">\n\t\t\t\t\t\t<\/span>\n\t\t<\/div>\n\t\t\t\t\t\t<\/div>\n\t\t\t\t<\/div>\n\t\t\t\t\t<\/div>\n\t\t<\/div>\n\t\t\t\t\t<\/div>\n\t\t<\/section>\n\t\t\t\t<section class=\"elementor-section elementor-top-section elementor-element elementor-element-73d0b95 elementor-section-boxed elementor-section-height-default elementor-section-height-default\" data-id=\"73d0b95\" data-element_type=\"section\" data-e-type=\"section\" data-settings=\"{&quot;background_background&quot;:&quot;classic&quot;}\">\n\t\t\t\t\t\t<div class=\"elementor-container elementor-column-gap-default\">\n\t\t\t\t\t<div class=\"elementor-column elementor-col-33 elementor-top-column elementor-element elementor-element-99445f9\" data-id=\"99445f9\" data-element_type=\"column\" data-e-type=\"column\">\n\t\t\t<div class=\"elementor-widget-wrap elementor-element-populated\">\n\t\t\t\t\t\t<div class=\"elementor-element elementor-element-9766a77 elementor-widget elementor-widget-heading\" data-id=\"9766a77\" data-element_type=\"widget\" data-e-type=\"widget\" data-widget_type=\"heading.default\">\n\t\t\t\t<div class=\"elementor-widget-container\">\n\t\t\t\t\t<h2 class=\"elementor-heading-title elementor-size-default\">Inhalt des Webinars<\/h2>\t\t\t\t<\/div>\n\t\t\t\t<\/div>\n\t\t\t\t\t<\/div>\n\t\t<\/div>\n\t\t\t\t<div class=\"elementor-column elementor-col-33 elementor-top-column elementor-element elementor-element-631e791\" data-id=\"631e791\" data-element_type=\"column\" data-e-type=\"column\">\n\t\t\t<div class=\"elementor-widget-wrap elementor-element-populated\">\n\t\t\t\t\t\t<div class=\"elementor-element elementor-element-686837c elementor-widget elementor-widget-heading\" data-id=\"686837c\" data-element_type=\"widget\" data-e-type=\"widget\" data-widget_type=\"heading.default\">\n\t\t\t\t<div class=\"elementor-widget-container\">\n\t\t\t\t\t<h6 class=\"elementor-heading-title elementor-size-default\">Ein Meditations-Retreat <br>In edlem Schweigen <br>Claudia \"Kusalanandi\" Keller<\/h6>\t\t\t\t<\/div>\n\t\t\t\t<\/div>\n\t\t\t\t<div class=\"elementor-element elementor-element-f7f67a5 elementor-widget elementor-widget-image\" data-id=\"f7f67a5\" data-element_type=\"widget\" data-e-type=\"widget\" data-widget_type=\"image.default\">\n\t\t\t\t<div class=\"elementor-widget-container\">\n\t\t\t\t\t\t\t\t\t\t\t\t\t\t\t<img fetchpriority=\"high\" decoding=\"async\" width=\"300\" height=\"259\" src=\"https:\/\/innersync.de\/wp-content\/uploads\/2022\/03\/kusali-beratung-300x259.png\" class=\"attachment-medium size-medium wp-image-6819\" alt=\"\" srcset=\"https:\/\/innersync.de\/wp-content\/uploads\/2022\/03\/kusali-beratung-300x259.png 300w, https:\/\/innersync.de\/wp-content\/uploads\/2022\/03\/kusali-beratung.png 385w\" sizes=\"(max-width: 300px) 100vw, 300px\" \/>\t\t\t\t\t\t\t\t\t\t\t\t\t\t\t<\/div>\n\t\t\t\t<\/div>\n\t\t\t\t<div class=\"elementor-element elementor-element-b6a4c28 elementor-widget elementor-widget-text-editor\" data-id=\"b6a4c28\" data-element_type=\"widget\" data-e-type=\"widget\" data-widget_type=\"text-editor.default\">\n\t\t\t\t<div class=\"elementor-widget-container\">\n\t\t\t\t\t\t\t\t\t<p>Gemeinsam praktizieren \u2013 jeder f\u00fcr sich \u2013 zum Wohle aller f\u00fchlenden Wesen.<\/p>\n<p>\u201eSo wie eine Mutter ihr einziges Kind mit ihrem eigenen Leben besch\u00fctzt, so sollte man grenzenlose liebende G\u00fcte gegen\u00fcber allen f\u00fchlenden Wesen entwickeln. Lass Wohlwollen und liebende G\u00fcte in die ganze Welt strahlen. Oben, unten, \u00fcberall, grenzenlos, au\u00dfen Zorn und ohne Feindseligkeit.&#8220; (Auszug aus dem Metta Sutta)<\/p>\n<p>METTA, liebevolle G\u00fcte, ist eine Herzqualit\u00e4t, die unserem Wesen innewohnt. Freundlich, wohlwollend und mitf\u00fchlend gegen\u00fcber uns selbst und allen f\u00fchlenden Wesen dieser Welt, verbunden und getragen von Weisheit und Gelassenheit. Mit Offenheit und liebevollem Respekt, andere und andere Dinge so zu akzeptieren, wie sie sind, bildet METTA den N\u00e4hrboden f\u00fcr Verbindung und Heilung, in dem sie eine frische, nicht wertende Perspektive erm\u00f6glicht. METTA ist auch ein Gegenmittel gegen Wut, Groll und Feindseligkeit und hilft, den inneren und \u00e4u\u00dferen Herausforderungen des Lebens mit mehr Verst\u00e4ndnis zu begegnen. Praktiziert und kultiviert macht METTA den Geist weit und allumfassend, was unserer Liebesf\u00e4higkeit eine neue Dimension verleiht und somit der Ursache f\u00fcr gr\u00f6\u00dferen inneren Frieden und Gl\u00fcck zugrunde liegt.<\/p>\n<p>Durch traditionelle buddhistische Meditationstechniken sowie Mantra-Ges\u00e4nge und dynamische Herzchakra-\u00dcbungen aus anderen Traditionen wollen wir dieses nat\u00fcrliche Gef\u00fchl der einfachen Liebe, die bedingungslos flie\u00dfen m\u00f6chte, (wieder) beleben.<\/p>\n<p>Sowohl f\u00fcr Anf\u00e4nger als auch f\u00fcr Fortgeschrittene geeignet.<\/p>\n\t\t\t\t\t\t\t\t<\/div>\n\t\t\t\t<\/div>\n\t\t\t\t\t<\/div>\n\t\t<\/div>\n\t\t\t\t<div class=\"elementor-column elementor-col-33 elementor-top-column elementor-element elementor-element-caeff26\" data-id=\"caeff26\" data-element_type=\"column\" data-e-type=\"column\">\n\t\t\t<div class=\"elementor-widget-wrap elementor-element-populated\">\n\t\t\t\t\t\t<div class=\"elementor-element elementor-element-ef86f39 elementor-widget elementor-widget-text-editor\" data-id=\"ef86f39\" data-element_type=\"widget\" data-e-type=\"widget\" data-widget_type=\"text-editor.default\">\n\t\t\t\t<div class=\"elementor-widget-container\">\n\t\t\t\t\t\t\t\t\t<p class=\"\"><strong>Termine<br \/><\/strong> Weitere Informationen auf Anfrage<\/p>\n<p class=\"\"><strong>Format<br \/><\/strong> In Anwesenheit <\/p>\n<p class=\"\"><strong>Dauer<br \/><\/strong> 3 Tage. <\/p>\n<p class=\"\"><strong>Leitung<\/strong><br \/>Kusalanandi<\/p>\n\t\t\t\t\t\t\t\t<\/div>\n\t\t\t\t<\/div>\n\t\t\t\t\t<\/div>\n\t\t<\/div>\n\t\t\t\t\t<\/div>\n\t\t<\/section>\n\t\t\t\t<section class=\"elementor-section elementor-top-section elementor-element elementor-element-37ddb08 elementor-section-boxed elementor-section-height-default elementor-section-height-default\" data-id=\"37ddb08\" data-element_type=\"section\" data-e-type=\"section\">\n\t\t\t\t\t\t<div class=\"elementor-container elementor-column-gap-default\">\n\t\t\t\t\t<div class=\"elementor-column elementor-col-100 elementor-top-column elementor-element elementor-element-694df67\" data-id=\"694df67\" data-element_type=\"column\" data-e-type=\"column\">\n\t\t\t<div class=\"elementor-widget-wrap elementor-element-populated\">\n\t\t\t\t\t\t<div class=\"elementor-element elementor-element-b9207fc elementor-align-center elementor-widget elementor-widget-button\" data-id=\"b9207fc\" data-element_type=\"widget\" data-e-type=\"widget\" data-widget_type=\"button.default\">\n\t\t\t\t<div class=\"elementor-widget-container\">\n\t\t\t\t\t\t\t\t\t<div class=\"elementor-button-wrapper\">\n\t\t\t\t\t<a class=\"elementor-button elementor-button-link elementor-size-sm\" href=\"https:\/\/innersync.de\/de\/akademie\/\">\n\t\t\t\t\t\t<span class=\"elementor-button-content-wrapper\">\n\t\t\t\t\t\t\t\t\t<span class=\"elementor-button-text\">zur\u00fcck<\/span>\n\t\t\t\t\t<\/span>\n\t\t\t\t\t<\/a>\n\t\t\t\t<\/div>\n\t\t\t\t\t\t\t\t<\/div>\n\t\t\t\t<\/div>\n\t\t\t\t\t<\/div>\n\t\t<\/div>\n\t\t\t\t\t<\/div>\n\t\t<\/section>\n\t\t\t\t<section class=\"elementor-section elementor-top-section elementor-element elementor-element-33d217e9 elementor-section-content-middle elementor-section-stretched elementor-section-height-min-height elementor-section-items-stretch elementor-section-boxed elementor-section-height-default\" data-id=\"33d217e9\" data-element_type=\"section\" data-e-type=\"section\" data-settings=\"{&quot;background_background&quot;:&quot;classic&quot;,&quot;stretch_section&quot;:&quot;section-stretched&quot;,&quot;shape_divider_top&quot;:&quot;waves&quot;}\">\n\t\t\t\t\t\t\t<div class=\"elementor-background-overlay\"><\/div>\n\t\t\t\t\t\t<div class=\"elementor-shape elementor-shape-top\" aria-hidden=\"true\" data-negative=\"false\">\n\t\t\t<svg xmlns=\"http:\/\/www.w3.org\/2000\/svg\" viewBox=\"0 0 1000 100\" preserveAspectRatio=\"none\">\n\t<path class=\"elementor-shape-fill\" d=\"M421.9,6.5c22.6-2.5,51.5,0.4,75.5,5.3c23.6,4.9,70.9,23.5,100.5,35.7c75.8,32.2,133.7,44.5,192.6,49.7\n\tc23.6,2.1,48.7,3.5,103.4-2.5c54.7-6,106.2-25.6,106.2-25.6V0H0v30.3c0,0,72,32.6,158.4,30.5c39.2-0.7,92.8-6.7,134-22.4\n\tc21.2-8.1,52.2-18.2,79.7-24.2C399.3,7.9,411.6,7.5,421.9,6.5z\"\/>\n<\/svg>\t\t<\/div>\n\t\t\t\t\t<div class=\"elementor-container elementor-column-gap-default\">\n\t\t\t\t\t<div class=\"elementor-column elementor-col-100 elementor-top-column elementor-element elementor-element-42f98c1\" data-id=\"42f98c1\" data-element_type=\"column\" data-e-type=\"column\">\n\t\t\t<div class=\"elementor-widget-wrap\">\n\t\t\t\t\t\t\t<\/div>\n\t\t<\/div>\n\t\t\t\t\t<\/div>\n\t\t<\/section>\n\t\t\t\t<\/div>\n\t\t","protected":false},"excerpt":{"rendered":"<p>Akademie Erst Mensch sein. F\u00fchrung folgt. METTA Retreat Liebevolle G\u00fcte Inhalt des Webinars Ein Meditations-Retreat In edlem Schweigen Claudia &#8222;Kusalanandi&#8220; Keller Gemeinsam praktizieren \u2013 jeder f\u00fcr sich \u2013 zum Wohle aller f\u00fchlenden Wesen. \u201eSo wie eine Mutter ihr einziges Kind mit ihrem eigenen Leben besch\u00fctzt, so sollte man grenzenlose liebende G\u00fcte gegen\u00fcber allen f\u00fchlenden Wesen [&hellip;]<\/p>\n","protected":false},"author":1,"featured_media":0,"parent":0,"menu_order":0,"comment_status":"closed","ping_status":"closed","template":"elementor_header_footer","meta":{"_monsterinsights_skip_tracking":false,"_monsterinsights_sitenote_active":false,"_monsterinsights_sitenote_note":"","_monsterinsights_sitenote_category":0,"footnotes":""},"wf_page_folders":[14],"class_list":["post-9098","page","type-page","status-publish","hentry"],"aioseo_notices":[],"_links":{"self":[{"href":"https:\/\/innersync.de\/de\/wp-json\/wp\/v2\/pages\/9098","targetHints":{"allow":["GET"]}}],"collection":[{"href":"https:\/\/innersync.de\/de\/wp-json\/wp\/v2\/pages"}],"about":[{"href":"https:\/\/innersync.de\/de\/wp-json\/wp\/v2\/types\/page"}],"author":[{"embeddable":true,"href":"https:\/\/innersync.de\/de\/wp-json\/wp\/v2\/users\/1"}],"replies":[{"embeddable":true,"href":"https:\/\/innersync.de\/de\/wp-json\/wp\/v2\/comments?post=9098"}],"version-history":[{"count":15,"href":"https:\/\/innersync.de\/de\/wp-json\/wp\/v2\/pages\/9098\/revisions"}],"predecessor-version":[{"id":13688,"href":"https:\/\/innersync.de\/de\/wp-json\/wp\/v2\/pages\/9098\/revisions\/13688"}],"wp:attachment":[{"href":"https:\/\/innersync.de\/de\/wp-json\/wp\/v2\/media?parent=9098"}],"wp:term":[{"taxonomy":"wf_page_folders","embeddable":true,"href":"https:\/\/innersync.de\/de\/wp-json\/wp\/v2\/wf_page_folders?post=9098"}],"curies":[{"name":"wp","href":"https:\/\/api.w.org\/{rel}","templated":true}]}}