{"id":6852,"date":"2022-02-10T14:30:00","date_gmt":"2022-02-10T14:30:00","guid":{"rendered":"https:\/\/innersync.de\/wir-stefanie-becker\/"},"modified":"2025-05-16T11:05:04","modified_gmt":"2025-05-16T11:05:04","slug":"wir-stefanie-becker","status":"publish","type":"page","link":"https:\/\/innersync.de\/de\/wir-stefanie-becker\/","title":{"rendered":"Wir-Stefanie-Becker"},"content":{"rendered":"\t\t<div data-elementor-type=\"wp-page\" data-elementor-id=\"6852\" class=\"elementor elementor-6852 elementor-3002\" data-elementor-post-type=\"page\">\n\t\t\t\t\t\t<section class=\"elementor-section elementor-top-section elementor-element elementor-element-12717a87 elementor-section-content-top elementor-section-height-min-height elementor-section-items-stretch elementor-section-boxed elementor-section-height-default\" data-id=\"12717a87\" data-element_type=\"section\" data-e-type=\"section\" data-settings=\"{&quot;background_background&quot;:&quot;classic&quot;}\">\n\t\t\t\t\t\t\t<div class=\"elementor-background-overlay\"><\/div>\n\t\t\t\t\t\t\t<div class=\"elementor-container elementor-column-gap-default\">\n\t\t\t\t\t<div class=\"elementor-column elementor-col-100 elementor-top-column elementor-element elementor-element-2dfdbf2b\" data-id=\"2dfdbf2b\" data-element_type=\"column\" data-e-type=\"column\">\n\t\t\t<div class=\"elementor-widget-wrap elementor-element-populated\">\n\t\t\t\t\t\t<div class=\"elementor-element elementor-element-5871e29e animated-slow elementor-invisible elementor-widget elementor-widget-heading\" data-id=\"5871e29e\" data-element_type=\"widget\" data-e-type=\"widget\" data-settings=\"{&quot;_animation&quot;:&quot;fadeIn&quot;,&quot;_animation_delay&quot;:600}\" data-widget_type=\"heading.default\">\n\t\t\t\t<div class=\"elementor-widget-container\">\n\t\t\t\t\t<h1 class=\"elementor-heading-title elementor-size-default\">WIR<\/h1>\t\t\t\t<\/div>\n\t\t\t\t<\/div>\n\t\t\t\t<div class=\"elementor-element elementor-element-0aa7d40 animated-slow elementor-invisible elementor-widget elementor-widget-heading\" data-id=\"0aa7d40\" data-element_type=\"widget\" data-e-type=\"widget\" data-settings=\"{&quot;_animation&quot;:&quot;fadeIn&quot;,&quot;_animation_delay&quot;:600}\" data-widget_type=\"heading.default\">\n\t\t\t\t<div class=\"elementor-widget-container\">\n\t\t\t\t\t<h1 class=\"elementor-heading-title elementor-size-default\">Die Kraft des Kreises<\/h1>\t\t\t\t<\/div>\n\t\t\t\t<\/div>\n\t\t\t\t\t<\/div>\n\t\t<\/div>\n\t\t\t\t\t<\/div>\n\t\t<\/section>\n\t\t\t\t<section class=\"elementor-section elementor-top-section elementor-element elementor-element-7f2ccd77 envato-kit-141-top-0 elementor-reverse-mobile elementor-section-boxed elementor-section-height-default elementor-section-height-default\" data-id=\"7f2ccd77\" data-element_type=\"section\" data-e-type=\"section\" data-settings=\"{&quot;background_background&quot;:&quot;classic&quot;}\">\n\t\t\t\t\t\t\t<div class=\"elementor-background-overlay\"><\/div>\n\t\t\t\t\t\t\t<div class=\"elementor-container elementor-column-gap-wider\">\n\t\t\t\t\t<div class=\"elementor-column elementor-col-50 elementor-top-column elementor-element elementor-element-146fc8a\" data-id=\"146fc8a\" data-element_type=\"column\" data-e-type=\"column\">\n\t\t\t<div class=\"elementor-widget-wrap elementor-element-populated\">\n\t\t\t\t\t\t<div class=\"elementor-element elementor-element-c539088 elementor-widget elementor-widget-image\" data-id=\"c539088\" data-element_type=\"widget\" data-e-type=\"widget\" data-widget_type=\"image.default\">\n\t\t\t\t<div class=\"elementor-widget-container\">\n\t\t\t\t\t\t\t\t\t\t\t\t\t\t\t<img fetchpriority=\"high\" decoding=\"async\" width=\"580\" height=\"872\" src=\"https:\/\/innersync.de\/wp-content\/uploads\/2025\/05\/becker_stefanie_peschke_consulting_5080-1-681x1024.jpg\" class=\"attachment-large size-large wp-image-18365\" alt=\"\" srcset=\"https:\/\/innersync.de\/wp-content\/uploads\/2025\/05\/becker_stefanie_peschke_consulting_5080-1-681x1024.jpg 681w, https:\/\/innersync.de\/wp-content\/uploads\/2025\/05\/becker_stefanie_peschke_consulting_5080-1-200x300.jpg 200w, https:\/\/innersync.de\/wp-content\/uploads\/2025\/05\/becker_stefanie_peschke_consulting_5080-1-768x1154.jpg 768w, https:\/\/innersync.de\/wp-content\/uploads\/2025\/05\/becker_stefanie_peschke_consulting_5080-1-1022x1536.jpg 1022w, https:\/\/innersync.de\/wp-content\/uploads\/2025\/05\/becker_stefanie_peschke_consulting_5080-1-1363x2048.jpg 1363w, https:\/\/innersync.de\/wp-content\/uploads\/2025\/05\/becker_stefanie_peschke_consulting_5080-1-1200x1804.jpg 1200w, https:\/\/innersync.de\/wp-content\/uploads\/2025\/05\/becker_stefanie_peschke_consulting_5080-1-1980x2976.jpg 1980w, https:\/\/innersync.de\/wp-content\/uploads\/2025\/05\/becker_stefanie_peschke_consulting_5080-1-scaled.jpg 1703w\" sizes=\"(max-width: 580px) 100vw, 580px\" \/>\t\t\t\t\t\t\t\t\t\t\t\t\t\t\t<\/div>\n\t\t\t\t<\/div>\n\t\t\t\t<div class=\"elementor-element elementor-element-477ba999 elementor-widget elementor-widget-heading\" data-id=\"477ba999\" data-element_type=\"widget\" data-e-type=\"widget\" data-widget_type=\"heading.default\">\n\t\t\t\t<div class=\"elementor-widget-container\">\n\t\t\t\t\t<h2 class=\"elementor-heading-title elementor-size-default\">\u201eParadoxerweise verhindern wir Ver\u00e4nderungen, je mehr mehr wir versuchen, uns selbst zu \u00e4ndern. <i>Erlauben wir uns stattdessen, vollst\u00e4ndig zu erfahren, wer wir sind, desto gr\u00f6\u00dfer ist die M\u00f6glichkeit der Ver\u00e4nderung.<\/i>\u201c \u2014 Laurence Heller<\/h2>\t\t\t\t<\/div>\n\t\t\t\t<\/div>\n\t\t\t\t\t<\/div>\n\t\t<\/div>\n\t\t\t\t<div class=\"elementor-column elementor-col-50 elementor-top-column elementor-element elementor-element-1b1da477\" data-id=\"1b1da477\" data-element_type=\"column\" data-e-type=\"column\">\n\t\t\t<div class=\"elementor-widget-wrap elementor-element-populated\">\n\t\t\t\t\t\t<div class=\"elementor-element elementor-element-79a2d353 elementor-invisible elementor-widget elementor-widget-heading\" data-id=\"79a2d353\" data-element_type=\"widget\" data-e-type=\"widget\" data-settings=\"{&quot;_animation&quot;:&quot;fadeIn&quot;,&quot;_animation_delay&quot;:100}\" data-widget_type=\"heading.default\">\n\t\t\t\t<div class=\"elementor-widget-container\">\n\t\t\t\t\t<h2 class=\"elementor-heading-title elementor-size-default\">Dr. iur. Stefanie Becker<\/h2>\t\t\t\t<\/div>\n\t\t\t\t<\/div>\n\t\t\t\t<div class=\"elementor-element elementor-element-d585224 elementor-widget-divider--view-line elementor-invisible elementor-widget elementor-widget-divider\" data-id=\"d585224\" data-element_type=\"widget\" data-e-type=\"widget\" data-settings=\"{&quot;_animation&quot;:&quot;fadeIn&quot;,&quot;_animation_delay&quot;:150}\" data-widget_type=\"divider.default\">\n\t\t\t\t<div class=\"elementor-widget-container\">\n\t\t\t\t\t\t\t<div class=\"elementor-divider\">\n\t\t\t<span class=\"elementor-divider-separator\">\n\t\t\t\t\t\t<\/span>\n\t\t<\/div>\n\t\t\t\t\t\t<\/div>\n\t\t\t\t<\/div>\n\t\t\t\t<div class=\"elementor-element elementor-element-91e11de elementor-widget elementor-widget-text-editor\" data-id=\"91e11de\" data-element_type=\"widget\" data-e-type=\"widget\" data-widget_type=\"text-editor.default\">\n\t\t\t\t<div class=\"elementor-widget-container\">\n\t\t\t\t\t\t\t\t\t<p><strong>EXPERTISE<\/strong><\/p><ul><li>Ganzheitliche systemisch- evolution\u00e4re Organisations- und Teamentwicklung<\/li><li>Leadership, F\u00fchrungskr\u00e4fteentwicklung<\/li><li>Mindfulness@Work: Entwicklung und Umsetzung von achtsamkeitsbasierten Mindfulness@Work Programmen in Teams und Organisationen; Train the Trainer<\/li><li>Ressourcen- und l\u00f6sungsorientierte Konfliktkl\u00e4rung<\/li><li>Coaching auf Basis von Hypno-Systemik, Achtsamkeit und Embodiment<\/li><li>Arbeitsrechtliche Expertise: Beratung im Bereich Individual- und Kollektivarbeitsrecht<\/li><\/ul>\t\t\t\t\t\t\t\t<\/div>\n\t\t\t\t<\/div>\n\t\t\t\t\t<\/div>\n\t\t<\/div>\n\t\t\t\t\t<\/div>\n\t\t<\/section>\n\t\t\t\t<section class=\"elementor-section elementor-top-section elementor-element elementor-element-8215f0b elementor-section-boxed elementor-section-height-default elementor-section-height-default\" data-id=\"8215f0b\" data-element_type=\"section\" data-e-type=\"section\" data-settings=\"{&quot;background_background&quot;:&quot;classic&quot;}\">\n\t\t\t\t\t\t<div class=\"elementor-container elementor-column-gap-default\">\n\t\t\t\t\t<div class=\"elementor-column elementor-col-100 elementor-top-column elementor-element elementor-element-0cc80de\" data-id=\"0cc80de\" data-element_type=\"column\" data-e-type=\"column\">\n\t\t\t<div class=\"elementor-widget-wrap elementor-element-populated\">\n\t\t\t\t\t\t<div class=\"elementor-element elementor-element-b4bdc08 elementor-widget elementor-widget-text-editor\" data-id=\"b4bdc08\" data-element_type=\"widget\" data-e-type=\"widget\" data-widget_type=\"text-editor.default\">\n\t\t\t\t<div class=\"elementor-widget-container\">\n\t\t\t\t\t\t\t\t\t<p><strong>\u00dcBER STEFANIE<\/strong><\/p><p><span style=\"font-size: inherit; text-align: inherit; font-family: var( --e-global-typography-text-font-family ), Sans-serif; letter-spacing: -0.015em;\">Stefanie lebt und arbeitet in Frankfurt am Main als Beraterin, Facilitatorin und Coach. Ihre private Coaching-Praxis befindet sich in Frankfurt \/ Bornheim Mitte. <\/span><\/p><p style=\"font-size: 16px; text-align: left; letter-spacing: -0.24px;\">Sie ist promovierte Arbeitsjuristin und arbeitete 2 Jahre in einer internationalen Anwaltskanzlei (Baker&amp;McKenzie, B\u00fcro Berlin) und 7 Jahre im Headquarter der HR-Abteilung eines internationalen Konzerns (BASF SE). Dort beriet sie als In-House Counsel zu individual- und kollektivarbeitsrechtlichen Angelegenheiten des Konzerns und vertrat das Unternehmen vor Gericht in arbeitsrechtlichen Streitigkeiten. Sie war zudem als Assistenz des damaligen Personalleiters der BASF SE im Rahmen der Tarifverhandlungen der Chemischen Industrie t\u00e4tig. Au\u00dferdem war sie Projektleiterin im HR-Bereich <span style=\"font-size: inherit; text-align: inherit; font-family: var( --e-global-typography-text-font-family ), Sans-serif; letter-spacing: -0.015em;\">bei verschiedenen internationalen M&amp;A-Transaktionen <\/span>. <\/p><p style=\"font-size: 16px; text-align: left; letter-spacing: -0.24px;\"><span style=\"font-size: inherit; letter-spacing: -0.015em; text-align: inherit; font-family: var( --e-global-typography-text-font-family ), Sans-serif;\">Stefanies Leidenschaft ist es, Menschen zu helfen, sich mit sich selbst und anderen zu verbinden &#8211; und dadurch etwas Gutes in die Welt zu bringen. Sie ist fasziniert von der F\u00e4higkeit von Gruppen, neue, kreative L\u00f6sungen f\u00fcr ihre Fragestellungen und Herausforderungen zu entwickeln. Sie betrachtet es als eine Kunst und als ein Handwerk, R\u00e4ume f\u00fcr Gruppen zu schaffen, damit dies m\u00f6glich wird. <\/span><\/p><p style=\"font-size: 16px; text-align: left; letter-spacing: -0.24px;\"><span style=\"font-size: inherit; letter-spacing: -0.015em; text-align: inherit; font-family: var( --e-global-typography-text-font-family ), Sans-serif;\">W\u00e4hrend ihres Sabbaticals besch\u00e4ftigte sich sich mit unterschiedlichsten Selbsterfahrungsmethoden von Zen-Meditation hin zu Atem- und K\u00f6rperarbeit. Sie lebte<\/span><span style=\"font-size: inherit; letter-spacing: -0.015em; text-align: inherit; font-family: var( --e-global-typography-text-font-family ), Sans-serif;\">drei Jahre lang in einem Kloster\/Seminarhaus im Odenwald. In dieser Zeit nahm sie auch an Schweige-Retreats im Zen Center Regensburg e.V., teil, wo sie eine zeitlang als Direktorin unter der Leitung des international bekannten Zen-Lehrers Hyon Gak Sunim arbeitete <\/span><span style=\"font-size: inherit; letter-spacing: -0.015em; text-align: inherit; font-family: var( --e-global-typography-text-font-family ), Sans-serif;\">und half, das Zen Center weiterzuentwickeln.<\/span><\/p><p style=\"font-size: 16px; text-align: left; letter-spacing: -0.24px;\">Stefanie ist ausgebildet als hypno-systemischer Coach bei Dr. Gunther Schmidt, Milton Erickson Institut Heidelberg, und absolvierte die Ausbildung &#8222;Systemisch-evolution\u00e4re Organisationsentwicklung&#8220; nach Trigon unter der Leitung von Oliver Martin, Julia Andersch und Hannes Piber. Sie bildete sich auch bei Dr. Stephen Gilligan zum Thema &#8222;Systemische Trance&#8220; fort und nahm \u00fcber die Jahre an vielf\u00e4ltigen Kursen im Bereich westlicher und \u00f6stlicher Psychologie teil. Im Jahr 2025 beendete sie eine dreij\u00e4hrige umfassende Ausbildung in GROF\u00ae BREATHWORK und leitet nun regelm\u00e4\u00dfig Atemarbeitssitzungen in Frankfurt Bornheim unter in(ner)sync_breath und an anderen Orten wie Buddhas Weg. Sie findet, dass Atemarbeit ein wunderbares Werkzeug zur Selbsterkundung und Selbst-Entwicklung ist.  <\/p><p style=\"font-size: 16px; text-align: left; letter-spacing: -0.24px;\"><span style=\"font-family: var( --e-global-typography-text-font-family ), Sans-serif; letter-spacing: -0.24px;\">Kunden sch\u00e4tzen Stefanie f\u00fcr ihre Klarheit, ihre F\u00e4higkeit, Komplexit\u00e4t zu strukturieren und ihr Einf\u00fchlungsverm\u00f6gen. Als erfahrene Facilitatorin l\u00e4dt sie ihre Klienten regelm\u00e4\u00dfig ein, Kopf und K\u00f6rper zu verbinden &#8211; was in diesen tiefere Prozesse anregt. Gleichzeitig ist Stefanie in ihrer Arbeit mit Gruppen sehr pragmatisch und sorgt daf\u00fcr, dass diese ihre eigenen L\u00f6sungen f\u00fcr konkrete Probleme entwickeln und finden.  <\/span><\/p><p style=\"font-size: 16px; text-align: left; letter-spacing: -0.24px;\">Stefanie arbeitet sowohl auf Deutsch als auch auf Englisch. <\/p>\t\t\t\t\t\t\t\t<\/div>\n\t\t\t\t<\/div>\n\t\t\t\t\t<\/div>\n\t\t<\/div>\n\t\t\t\t\t<\/div>\n\t\t<\/section>\n\t\t\t\t<section class=\"elementor-section elementor-top-section elementor-element elementor-element-54a2908 elementor-section-boxed elementor-section-height-default elementor-section-height-default\" data-id=\"54a2908\" data-element_type=\"section\" data-e-type=\"section\">\n\t\t\t\t\t\t<div class=\"elementor-container elementor-column-gap-default\">\n\t\t\t\t\t<div class=\"elementor-column elementor-col-100 elementor-top-column elementor-element elementor-element-cb86561\" data-id=\"cb86561\" data-element_type=\"column\" data-e-type=\"column\">\n\t\t\t<div class=\"elementor-widget-wrap elementor-element-populated\">\n\t\t\t\t\t\t<div class=\"elementor-element elementor-element-998e331 elementor-align-center elementor-widget elementor-widget-button\" data-id=\"998e331\" data-element_type=\"widget\" data-e-type=\"widget\" data-widget_type=\"button.default\">\n\t\t\t\t<div class=\"elementor-widget-container\">\n\t\t\t\t\t\t\t\t\t<div class=\"elementor-button-wrapper\">\n\t\t\t\t\t<a class=\"elementor-button elementor-button-link elementor-size-sm\" href=\"https:\/\/innersync.de\/we\/\">\n\t\t\t\t\t\t<span class=\"elementor-button-content-wrapper\">\n\t\t\t\t\t\t\t\t\t<span class=\"elementor-button-text\">ZUR\u00dcCK<\/span>\n\t\t\t\t\t<\/span>\n\t\t\t\t\t<\/a>\n\t\t\t\t<\/div>\n\t\t\t\t\t\t\t\t<\/div>\n\t\t\t\t<\/div>\n\t\t\t\t\t<\/div>\n\t\t<\/div>\n\t\t\t\t\t<\/div>\n\t\t<\/section>\n\t\t\t\t<section class=\"elementor-section elementor-top-section elementor-element elementor-element-abf6654 elementor-section-content-middle elementor-section-stretched elementor-section-height-min-height elementor-section-items-stretch elementor-section-boxed elementor-section-height-default\" data-id=\"abf6654\" data-element_type=\"section\" data-e-type=\"section\" data-settings=\"{&quot;background_background&quot;:&quot;classic&quot;,&quot;stretch_section&quot;:&quot;section-stretched&quot;,&quot;shape_divider_top&quot;:&quot;waves&quot;}\">\n\t\t\t\t\t\t\t<div class=\"elementor-background-overlay\"><\/div>\n\t\t\t\t\t\t<div class=\"elementor-shape elementor-shape-top\" aria-hidden=\"true\" data-negative=\"false\">\n\t\t\t<svg xmlns=\"http:\/\/www.w3.org\/2000\/svg\" viewBox=\"0 0 1000 100\" preserveAspectRatio=\"none\">\n\t<path class=\"elementor-shape-fill\" d=\"M421.9,6.5c22.6-2.5,51.5,0.4,75.5,5.3c23.6,4.9,70.9,23.5,100.5,35.7c75.8,32.2,133.7,44.5,192.6,49.7\n\tc23.6,2.1,48.7,3.5,103.4-2.5c54.7-6,106.2-25.6,106.2-25.6V0H0v30.3c0,0,72,32.6,158.4,30.5c39.2-0.7,92.8-6.7,134-22.4\n\tc21.2-8.1,52.2-18.2,79.7-24.2C399.3,7.9,411.6,7.5,421.9,6.5z\"\/>\n<\/svg>\t\t<\/div>\n\t\t\t\t\t<div class=\"elementor-container elementor-column-gap-default\">\n\t\t\t\t\t<div class=\"elementor-column elementor-col-100 elementor-top-column elementor-element elementor-element-4065860\" data-id=\"4065860\" data-element_type=\"column\" data-e-type=\"column\">\n\t\t\t<div class=\"elementor-widget-wrap\">\n\t\t\t\t\t\t\t<\/div>\n\t\t<\/div>\n\t\t\t\t\t<\/div>\n\t\t<\/section>\n\t\t\t\t<\/div>\n\t\t","protected":false},"excerpt":{"rendered":"<p>WIR Die Kraft des Kreises \u201eParadoxerweise verhindern wir Ver\u00e4nderungen, je mehr mehr wir versuchen, uns selbst zu \u00e4ndern. Erlauben wir uns stattdessen, vollst\u00e4ndig zu erfahren, wer wir sind, desto gr\u00f6\u00dfer ist die M\u00f6glichkeit der Ver\u00e4nderung.\u201c \u2014 Laurence Heller Dr. iur. Stefanie Becker EXPERTISE Ganzheitliche systemisch- evolution\u00e4re Organisations- und Teamentwicklung Leadership, F\u00fchrungskr\u00e4fteentwicklung Mindfulness@Work: Entwicklung und Umsetzung [&hellip;]<\/p>\n","protected":false},"author":1,"featured_media":0,"parent":0,"menu_order":0,"comment_status":"closed","ping_status":"closed","template":"elementor_header_footer","meta":{"_monsterinsights_skip_tracking":false,"_monsterinsights_sitenote_active":false,"_monsterinsights_sitenote_note":"","_monsterinsights_sitenote_category":0,"footnotes":""},"wf_page_folders":[14],"class_list":["post-6852","page","type-page","status-publish","hentry"],"aioseo_notices":[],"_links":{"self":[{"href":"https:\/\/innersync.de\/de\/wp-json\/wp\/v2\/pages\/6852","targetHints":{"allow":["GET"]}}],"collection":[{"href":"https:\/\/innersync.de\/de\/wp-json\/wp\/v2\/pages"}],"about":[{"href":"https:\/\/innersync.de\/de\/wp-json\/wp\/v2\/types\/page"}],"author":[{"embeddable":true,"href":"https:\/\/innersync.de\/de\/wp-json\/wp\/v2\/users\/1"}],"replies":[{"embeddable":true,"href":"https:\/\/innersync.de\/de\/wp-json\/wp\/v2\/comments?post=6852"}],"version-history":[{"count":66,"href":"https:\/\/innersync.de\/de\/wp-json\/wp\/v2\/pages\/6852\/revisions"}],"predecessor-version":[{"id":18394,"href":"https:\/\/innersync.de\/de\/wp-json\/wp\/v2\/pages\/6852\/revisions\/18394"}],"wp:attachment":[{"href":"https:\/\/innersync.de\/de\/wp-json\/wp\/v2\/media?parent=6852"}],"wp:term":[{"taxonomy":"wf_page_folders","embeddable":true,"href":"https:\/\/innersync.de\/de\/wp-json\/wp\/v2\/wf_page_folders?post=6852"}],"curies":[{"name":"wp","href":"https:\/\/api.w.org\/{rel}","templated":true}]}}