{"id":6839,"date":"2022-02-10T14:30:00","date_gmt":"2022-02-10T14:30:00","guid":{"rendered":"https:\/\/innersync.de\/fuehren-ist-kontakt\/"},"modified":"2025-09-01T07:50:46","modified_gmt":"2025-09-01T07:50:46","slug":"fuehren-ist-kontakt","status":"publish","type":"page","link":"https:\/\/innersync.de\/de\/fuehren-ist-kontakt\/","title":{"rendered":"F\u00fchren ist Kontakt."},"content":{"rendered":"\t\t<div data-elementor-type=\"wp-page\" data-elementor-id=\"6839\" class=\"elementor elementor-6839\" data-elementor-post-type=\"page\">\n\t\t\t\t\t\t<section class=\"elementor-section elementor-top-section elementor-element elementor-element-12717a87 elementor-section-content-top elementor-section-height-min-height elementor-section-items-stretch elementor-section-boxed elementor-section-height-default\" data-id=\"12717a87\" data-element_type=\"section\" data-e-type=\"section\" data-settings=\"{&quot;background_background&quot;:&quot;classic&quot;}\">\n\t\t\t\t\t\t\t<div class=\"elementor-background-overlay\"><\/div>\n\t\t\t\t\t\t\t<div class=\"elementor-container elementor-column-gap-default\">\n\t\t\t\t\t<div class=\"elementor-column elementor-col-100 elementor-top-column elementor-element elementor-element-2dfdbf2b\" data-id=\"2dfdbf2b\" data-element_type=\"column\" data-e-type=\"column\">\n\t\t\t<div class=\"elementor-widget-wrap elementor-element-populated\">\n\t\t\t\t\t\t<div class=\"elementor-element elementor-element-5871e29e animated-slow elementor-invisible elementor-widget elementor-widget-heading\" data-id=\"5871e29e\" data-element_type=\"widget\" data-e-type=\"widget\" data-settings=\"{&quot;_animation&quot;:&quot;fadeIn&quot;,&quot;_animation_delay&quot;:600}\" data-widget_type=\"heading.default\">\n\t\t\t\t<div class=\"elementor-widget-container\">\n\t\t\t\t\t<h1 class=\"elementor-heading-title elementor-size-default\">Akademie<\/h1>\t\t\t\t<\/div>\n\t\t\t\t<\/div>\n\t\t\t\t<div class=\"elementor-element elementor-element-56fd569 animated-slow elementor-invisible elementor-widget elementor-widget-heading\" data-id=\"56fd569\" data-element_type=\"widget\" data-e-type=\"widget\" data-settings=\"{&quot;_animation&quot;:&quot;fadeIn&quot;,&quot;_animation_delay&quot;:600}\" data-widget_type=\"heading.default\">\n\t\t\t\t<div class=\"elementor-widget-container\">\n\t\t\t\t\t<h1 class=\"elementor-heading-title elementor-size-default\">Zuerst <i><b>Mensch <\/i><\/b>sein.  F\u00fchrung <i>folgt.<\/i><\/h1>\t\t\t\t<\/div>\n\t\t\t\t<\/div>\n\t\t\t\t\t<\/div>\n\t\t<\/div>\n\t\t\t\t\t<\/div>\n\t\t<\/section>\n\t\t\t\t<section class=\"elementor-section elementor-top-section elementor-element elementor-element-2829032 elementor-section-height-min-height elementor-section-boxed elementor-section-height-default elementor-section-items-middle\" data-id=\"2829032\" data-element_type=\"section\" data-e-type=\"section\" data-settings=\"{&quot;background_background&quot;:&quot;classic&quot;}\">\n\t\t\t\t\t\t\t<div class=\"elementor-background-overlay\"><\/div>\n\t\t\t\t\t\t\t<div class=\"elementor-container elementor-column-gap-default\">\n\t\t\t\t\t<div class=\"elementor-column elementor-col-100 elementor-top-column elementor-element elementor-element-9dd1a23\" data-id=\"9dd1a23\" data-element_type=\"column\" data-e-type=\"column\" data-settings=\"{&quot;background_background&quot;:&quot;classic&quot;}\">\n\t\t\t<div class=\"elementor-widget-wrap elementor-element-populated\">\n\t\t\t\t\t<div class=\"elementor-background-overlay\"><\/div>\n\t\t\t\t\t\t<div class=\"elementor-element elementor-element-56b98fc elementor-widget elementor-widget-heading\" data-id=\"56b98fc\" data-element_type=\"widget\" data-e-type=\"widget\" data-widget_type=\"heading.default\">\n\t\t\t\t<div class=\"elementor-widget-container\">\n\t\t\t\t\t<h2 class=\"elementor-heading-title elementor-size-default\">In Kontakt sein<\/h2>\t\t\t\t<\/div>\n\t\t\t\t<\/div>\n\t\t\t\t<div class=\"elementor-element elementor-element-3c2047e elementor-widget-divider--view-line elementor-widget elementor-widget-divider\" data-id=\"3c2047e\" data-element_type=\"widget\" data-e-type=\"widget\" data-widget_type=\"divider.default\">\n\t\t\t\t<div class=\"elementor-widget-container\">\n\t\t\t\t\t\t\t<div class=\"elementor-divider\">\n\t\t\t<span class=\"elementor-divider-separator\">\n\t\t\t\t\t\t<\/span>\n\t\t<\/div>\n\t\t\t\t\t\t<\/div>\n\t\t\t\t<\/div>\n\t\t\t\t\t<\/div>\n\t\t<\/div>\n\t\t\t\t\t<\/div>\n\t\t<\/section>\n\t\t\t\t<section class=\"elementor-section elementor-top-section elementor-element elementor-element-73d0b95 elementor-section-boxed elementor-section-height-default elementor-section-height-default\" data-id=\"73d0b95\" data-element_type=\"section\" data-e-type=\"section\" data-settings=\"{&quot;background_background&quot;:&quot;classic&quot;}\">\n\t\t\t\t\t\t<div class=\"elementor-container elementor-column-gap-default\">\n\t\t\t\t\t<div class=\"elementor-column elementor-col-33 elementor-top-column elementor-element elementor-element-99445f9\" data-id=\"99445f9\" data-element_type=\"column\" data-e-type=\"column\">\n\t\t\t<div class=\"elementor-widget-wrap elementor-element-populated\">\n\t\t\t\t\t\t<div class=\"elementor-element elementor-element-9766a77 elementor-widget elementor-widget-heading\" data-id=\"9766a77\" data-element_type=\"widget\" data-e-type=\"widget\" data-widget_type=\"heading.default\">\n\t\t\t\t<div class=\"elementor-widget-container\">\n\t\t\t\t\t<h2 class=\"elementor-heading-title elementor-size-default\">Inhalt des Webinars<\/h2>\t\t\t\t<\/div>\n\t\t\t\t<\/div>\n\t\t\t\t\t<\/div>\n\t\t<\/div>\n\t\t\t\t<div class=\"elementor-column elementor-col-33 elementor-top-column elementor-element elementor-element-631e791\" data-id=\"631e791\" data-element_type=\"column\" data-e-type=\"column\">\n\t\t\t<div class=\"elementor-widget-wrap elementor-element-populated\">\n\t\t\t\t\t\t<div class=\"elementor-element elementor-element-b6a4c28 elementor-widget elementor-widget-text-editor\" data-id=\"b6a4c28\" data-element_type=\"widget\" data-e-type=\"widget\" data-widget_type=\"text-editor.default\">\n\t\t\t\t<div class=\"elementor-widget-container\">\n\t\t\t\t\t\t\t\t\t<div><p><i>&#8222;Die spontane Bewegung in uns allen strebt nach Kontakt.&#8220;  <\/i>Laurence Heller<\/p><p><span style=\"font-size: inherit; text-align: inherit; background-color: var( --e-global-color-primary ); font-family: var( --e-global-typography-text-font-family ), Sans-serif; letter-spacing: -0.015em;\">Entwickeln Sie in diesem erfahrungsorientierten Workshop Ihre innere F\u00e4higkeit f\u00fcr authentischen Kontakt und Sie erweitern ihre Kommunikationsf\u00e4higkeiten. Unsere Kontaktf\u00e4higkeit erweitern wir nicht durch B\u00fccher und Theorien, sondern indem wir es tun. Indem wir tats\u00e4chlich in Kontakt gehen und uns darin mit allen Sinnen erleben. Sie m\u00fcssen bereit sein, in das Unbekannte einzutauchen und sich selbst und dem anderen dort zu begegnen.  <\/span><\/p><\/div><ul data-rte-list=\"default\"><li><p><strong style=\"font-size: inherit; text-align: inherit; font-family: var( --e-global-typography-text-font-family ), Sans-serif; letter-spacing: -0.015em; background-color: var( --e-global-color-primary );\">Wie ist es, in diesem Moment wirklich ICH zu sein? <\/strong><span style=\"font-size: inherit; text-align: inherit; font-family: var( --e-global-typography-text-font-family ), Sans-serif; letter-spacing: -0.015em; background-color: var( --e-global-color-primary );\">Ist es mir m\u00f6glich, mich bei der Begegnung mit einem anderen Menschen in mein Wesen zu entspannen? <\/span> <\/p><\/li><li><p><strong style=\"font-size: inherit; text-align: inherit; font-family: var( --e-global-typography-text-font-family ), Sans-serif; letter-spacing: -0.015em; background-color: var( --e-global-color-primary );\">Was ist in diesem Moment in mir lebendig? <\/strong><span style=\"font-size: inherit; text-align: inherit; font-family: var( --e-global-typography-text-font-family ), Sans-serif; letter-spacing: -0.015em; background-color: var( --e-global-color-primary );\">Kann ich in diesem Moment mit meiner Lebendigkeit in Kontakt sein? <\/span> <\/p><\/li><li><p><strong style=\"font-size: inherit; text-align: inherit; font-family: var( --e-global-typography-text-font-family ), Sans-serif; letter-spacing: -0.015em; background-color: var( --e-global-color-primary );\">In Stille sein:<\/strong><span style=\"font-size: inherit; text-align: inherit; font-family: var( --e-global-typography-text-font-family ), Sans-serif; letter-spacing: -0.015em; background-color: var( --e-global-color-primary );\">  Ist es mir m\u00f6glich, in der Stille mit mir selbst und einem anderen Menschen wirklich pr\u00e4sent zu sein? Wie erlebe ich diesen stillen Raum &#8211; von Augenblick zu Augenblick?  <\/span><\/p><\/li><li><p><b>Tiefes Zuh\u00f6ren<\/b> : Was ist Tiefes Zuh\u00f6ren? Kann ich in mir so ruhig und still werden, dass ich mein Gegen\u00fcber wirklich wahrnehmen kann? Oder ist mein Inneres durch L\u00e4rm getr\u00fcbt &#8211; L\u00e4rm des Denkens, L\u00e4rm der Emotionen, L\u00e4rm der Gef\u00fchle?  <\/p><\/li><li><p><span style=\"font-size: inherit; text-align: inherit; font-family: var( --e-global-typography-text-font-family ), Sans-serif; letter-spacing: -0.015em; background-color: var( --e-global-color-primary );\"><b>Don&#8217;t Know Mind:<\/b> Wie erlebe ich die Ungewissheit, nicht zu wissen, was im n\u00e4chsten Moment in mir auftaucht? Kann ich mich auf mein Nicht-Wissen einlassen? Kann ich den Geist des Anf\u00e4ngers bewahren, wenn ich dem anderen begegne &#8211; von einem Moment zum anderen?  <\/span><\/p><\/li><li><p><span style=\"font-size: inherit; text-align: inherit; font-family: var( --e-global-typography-text-font-family ), Sans-serif; letter-spacing: -0.015em; background-color: var( --e-global-color-primary );\"><b>Selbstreflexion: <\/b><span style=\"letter-spacing: -0.24px;\">Welche <\/span>Interaktionsmuster zeigen sich, wenn ich mit einem anderen Menschen in Kontakt bin? Welche Urteile \u00fcber mich selbst und den anderen entstehen in mir? Wie erlebe ich eine \u00d6ffnung oder ein Zusammenziehen? Welche Geschichten erz\u00e4hle ich mir \u00fcber mich selbst? Und welche Vorstellungen bilde ich mir in meinem Kopf dar\u00fcber, wie ich oder der andere ist?  <\/span><\/p><\/li><li><p><span style=\"font-size: inherit; text-align: inherit; font-family: var( --e-global-typography-text-font-family ), Sans-serif; letter-spacing: -0.015em; background-color: var( --e-global-color-primary );\"><b>Intention:<\/b> Welche Intention habe ich f\u00fcr die Zukunft, wie ich mit anderen in meinem Leben umgehen m\u00f6chte? Welche innere Qualit\u00e4t m\u00f6chte ich in mir kultivieren? Wie kann ich diese Absicht am Leben erhalten?  <\/span><\/p><\/li><\/ul>\t\t\t\t\t\t\t\t<\/div>\n\t\t\t\t<\/div>\n\t\t\t\t\t<\/div>\n\t\t<\/div>\n\t\t\t\t<div class=\"elementor-column elementor-col-33 elementor-top-column elementor-element elementor-element-caeff26\" data-id=\"caeff26\" data-element_type=\"column\" data-e-type=\"column\">\n\t\t\t<div class=\"elementor-widget-wrap elementor-element-populated\">\n\t\t\t\t\t\t<div class=\"elementor-element elementor-element-ef86f39 elementor-widget elementor-widget-text-editor\" data-id=\"ef86f39\" data-element_type=\"widget\" data-e-type=\"widget\" data-widget_type=\"text-editor.default\">\n\t\t\t\t<div class=\"elementor-widget-container\">\n\t\t\t\t\t\t\t\t\t<ul data-rte-list=\"default\"><li><p class=\"\"><strong>Termine<br><\/strong>Weitere Informationen auf Anfrage<\/p><p class=\"\"><strong>Format <br><\/strong>W\u00f6chentliche Live-Online-Schulungen in Zoom<\/p><p class=\"\"><strong>Dauer<br><\/strong>6 Module \u00e0 2-3 Stunden \u00fcber 6 Wochen  <\/p><p class=\"\"><strong>Gruppe<br><\/strong>6-20 Teilnehmer<\/p><p class=\"\"><strong>Kosten<br><\/strong>Privatpersonen: 950 EURO inkl. MwSt.<br>Organisationen: 950 EURO zzgl. MwSt.; Rabatt m\u00f6glich bei Buchung von mindestens 4 Teilnehmern\/Organisation <\/p><p class=\"\">Bitte kontaktieren Sie uns auch f\u00fcr Rabatte bei aktuellen wirtschaftlichen Problemen aufgrund der Corona-Krise!<\/p><p class=\"\"><strong>Leitung<\/strong><\/p><p>Dr. Stefanie Becker <\/p><\/li><\/ul>\t\t\t\t\t\t\t\t<\/div>\n\t\t\t\t<\/div>\n\t\t\t\t\t<\/div>\n\t\t<\/div>\n\t\t\t\t\t<\/div>\n\t\t<\/section>\n\t\t\t\t<section class=\"elementor-section elementor-top-section elementor-element elementor-element-a78ac3c elementor-section-boxed elementor-section-height-default elementor-section-height-default\" data-id=\"a78ac3c\" data-element_type=\"section\" data-e-type=\"section\">\n\t\t\t\t\t\t<div class=\"elementor-container elementor-column-gap-default\">\n\t\t\t\t\t<div class=\"elementor-column elementor-col-100 elementor-top-column elementor-element elementor-element-f003d1b\" data-id=\"f003d1b\" data-element_type=\"column\" data-e-type=\"column\">\n\t\t\t<div class=\"elementor-widget-wrap elementor-element-populated\">\n\t\t\t\t\t\t<div class=\"elementor-element elementor-element-50c68e9 elementor-align-center elementor-widget elementor-widget-button\" data-id=\"50c68e9\" data-element_type=\"widget\" data-e-type=\"widget\" data-widget_type=\"button.default\">\n\t\t\t\t<div class=\"elementor-widget-container\">\n\t\t\t\t\t\t\t\t\t<div class=\"elementor-button-wrapper\">\n\t\t\t\t\t<a class=\"elementor-button elementor-button-link elementor-size-sm\" href=\"https:\/\/innersync.de\/academy\">\n\t\t\t\t\t\t<span class=\"elementor-button-content-wrapper\">\n\t\t\t\t\t\t\t\t\t<span class=\"elementor-button-text\">Zur\u00fcck zur Akademie<\/span>\n\t\t\t\t\t<\/span>\n\t\t\t\t\t<\/a>\n\t\t\t\t<\/div>\n\t\t\t\t\t\t\t\t<\/div>\n\t\t\t\t<\/div>\n\t\t\t\t\t<\/div>\n\t\t<\/div>\n\t\t\t\t\t<\/div>\n\t\t<\/section>\n\t\t\t\t<section class=\"elementor-section elementor-top-section elementor-element elementor-element-33d217e9 elementor-section-content-middle elementor-section-stretched elementor-section-height-min-height elementor-section-items-stretch elementor-section-boxed elementor-section-height-default\" data-id=\"33d217e9\" data-element_type=\"section\" data-e-type=\"section\" data-settings=\"{&quot;background_background&quot;:&quot;classic&quot;,&quot;stretch_section&quot;:&quot;section-stretched&quot;,&quot;shape_divider_top&quot;:&quot;waves&quot;}\">\n\t\t\t\t\t\t\t<div class=\"elementor-background-overlay\"><\/div>\n\t\t\t\t\t\t<div class=\"elementor-shape elementor-shape-top\" aria-hidden=\"true\" data-negative=\"false\">\n\t\t\t<svg xmlns=\"http:\/\/www.w3.org\/2000\/svg\" viewBox=\"0 0 1000 100\" preserveAspectRatio=\"none\">\n\t<path class=\"elementor-shape-fill\" d=\"M421.9,6.5c22.6-2.5,51.5,0.4,75.5,5.3c23.6,4.9,70.9,23.5,100.5,35.7c75.8,32.2,133.7,44.5,192.6,49.7\n\tc23.6,2.1,48.7,3.5,103.4-2.5c54.7-6,106.2-25.6,106.2-25.6V0H0v30.3c0,0,72,32.6,158.4,30.5c39.2-0.7,92.8-6.7,134-22.4\n\tc21.2-8.1,52.2-18.2,79.7-24.2C399.3,7.9,411.6,7.5,421.9,6.5z\"\/>\n<\/svg>\t\t<\/div>\n\t\t\t\t\t<div class=\"elementor-container elementor-column-gap-default\">\n\t\t\t\t\t<div class=\"elementor-column elementor-col-100 elementor-top-column elementor-element elementor-element-42f98c1\" data-id=\"42f98c1\" data-element_type=\"column\" data-e-type=\"column\">\n\t\t\t<div class=\"elementor-widget-wrap\">\n\t\t\t\t\t\t\t<\/div>\n\t\t<\/div>\n\t\t\t\t\t<\/div>\n\t\t<\/section>\n\t\t\t\t<\/div>\n\t\t","protected":false},"excerpt":{"rendered":"<p>Akademie Zuerst Mensch sein. F\u00fchrung folgt. In Kontakt sein Inhalt des Webinars &#8222;Die spontane Bewegung in uns allen strebt nach Kontakt.&#8220; Laurence Heller Entwickeln Sie in diesem erfahrungsorientierten Workshop Ihre innere F\u00e4higkeit f\u00fcr authentischen Kontakt und Sie erweitern ihre Kommunikationsf\u00e4higkeiten. Unsere Kontaktf\u00e4higkeit erweitern wir nicht durch B\u00fccher und Theorien, sondern indem wir es tun. Indem [&hellip;]<\/p>\n","protected":false},"author":1,"featured_media":0,"parent":0,"menu_order":0,"comment_status":"closed","ping_status":"closed","template":"elementor_header_footer","meta":{"_monsterinsights_skip_tracking":false,"_monsterinsights_sitenote_active":false,"_monsterinsights_sitenote_note":"","_monsterinsights_sitenote_category":0,"footnotes":""},"wf_page_folders":[14],"class_list":["post-6839","page","type-page","status-publish","hentry"],"aioseo_notices":[],"_links":{"self":[{"href":"https:\/\/innersync.de\/de\/wp-json\/wp\/v2\/pages\/6839","targetHints":{"allow":["GET"]}}],"collection":[{"href":"https:\/\/innersync.de\/de\/wp-json\/wp\/v2\/pages"}],"about":[{"href":"https:\/\/innersync.de\/de\/wp-json\/wp\/v2\/types\/page"}],"author":[{"embeddable":true,"href":"https:\/\/innersync.de\/de\/wp-json\/wp\/v2\/users\/1"}],"replies":[{"embeddable":true,"href":"https:\/\/innersync.de\/de\/wp-json\/wp\/v2\/comments?post=6839"}],"version-history":[{"count":36,"href":"https:\/\/innersync.de\/de\/wp-json\/wp\/v2\/pages\/6839\/revisions"}],"predecessor-version":[{"id":18685,"href":"https:\/\/innersync.de\/de\/wp-json\/wp\/v2\/pages\/6839\/revisions\/18685"}],"wp:attachment":[{"href":"https:\/\/innersync.de\/de\/wp-json\/wp\/v2\/media?parent=6839"}],"wp:term":[{"taxonomy":"wf_page_folders","embeddable":true,"href":"https:\/\/innersync.de\/de\/wp-json\/wp\/v2\/wf_page_folders?post=6839"}],"curies":[{"name":"wp","href":"https:\/\/api.w.org\/{rel}","templated":true}]}}