{"id":6838,"date":"2022-02-10T14:30:00","date_gmt":"2022-02-10T14:30:00","guid":{"rendered":"https:\/\/innersync.de\/trauma_informiert_fuehrung\/"},"modified":"2025-09-01T07:51:43","modified_gmt":"2025-09-01T07:51:43","slug":"trauma_informiert_fuehrung","status":"publish","type":"page","link":"https:\/\/innersync.de\/de\/trauma_informiert_fuehrung\/","title":{"rendered":"Trauma-informierte F\u00fchrung"},"content":{"rendered":"\t\t<div data-elementor-type=\"wp-page\" data-elementor-id=\"6838\" class=\"elementor elementor-6838\" data-elementor-post-type=\"page\">\n\t\t\t\t\t\t<section class=\"elementor-section elementor-top-section elementor-element elementor-element-12717a87 elementor-section-content-top elementor-section-height-min-height elementor-section-items-stretch elementor-section-boxed elementor-section-height-default\" data-id=\"12717a87\" data-element_type=\"section\" data-e-type=\"section\" data-settings=\"{&quot;background_background&quot;:&quot;classic&quot;}\">\n\t\t\t\t\t\t\t<div class=\"elementor-background-overlay\"><\/div>\n\t\t\t\t\t\t\t<div class=\"elementor-container elementor-column-gap-default\">\n\t\t\t\t\t<div class=\"elementor-column elementor-col-100 elementor-top-column elementor-element elementor-element-2dfdbf2b\" data-id=\"2dfdbf2b\" data-element_type=\"column\" data-e-type=\"column\">\n\t\t\t<div class=\"elementor-widget-wrap elementor-element-populated\">\n\t\t\t\t\t\t<div class=\"elementor-element elementor-element-5871e29e animated-slow elementor-invisible elementor-widget elementor-widget-heading\" data-id=\"5871e29e\" data-element_type=\"widget\" data-e-type=\"widget\" data-settings=\"{&quot;_animation&quot;:&quot;fadeIn&quot;,&quot;_animation_delay&quot;:600}\" data-widget_type=\"heading.default\">\n\t\t\t\t<div class=\"elementor-widget-container\">\n\t\t\t\t\t<h1 class=\"elementor-heading-title elementor-size-default\">Akademie<\/h1>\t\t\t\t<\/div>\n\t\t\t\t<\/div>\n\t\t\t\t<div class=\"elementor-element elementor-element-56fd569 animated-slow elementor-invisible elementor-widget elementor-widget-heading\" data-id=\"56fd569\" data-element_type=\"widget\" data-e-type=\"widget\" data-settings=\"{&quot;_animation&quot;:&quot;fadeIn&quot;,&quot;_animation_delay&quot;:600}\" data-widget_type=\"heading.default\">\n\t\t\t\t<div class=\"elementor-widget-container\">\n\t\t\t\t\t<h1 class=\"elementor-heading-title elementor-size-default\">Erst <i><b>Mensch<\/i><\/b> sein. F\u00fchrung <i>folgt.<\/i><\/h1>\t\t\t\t<\/div>\n\t\t\t\t<\/div>\n\t\t\t\t\t<\/div>\n\t\t<\/div>\n\t\t\t\t\t<\/div>\n\t\t<\/section>\n\t\t\t\t<section class=\"elementor-section elementor-top-section elementor-element elementor-element-2829032 elementor-section-height-min-height elementor-section-boxed elementor-section-height-default elementor-section-items-middle\" data-id=\"2829032\" data-element_type=\"section\" data-e-type=\"section\" data-settings=\"{&quot;background_background&quot;:&quot;classic&quot;}\">\n\t\t\t\t\t\t\t<div class=\"elementor-background-overlay\"><\/div>\n\t\t\t\t\t\t\t<div class=\"elementor-container elementor-column-gap-default\">\n\t\t\t\t\t<div class=\"elementor-column elementor-col-100 elementor-top-column elementor-element elementor-element-9dd1a23\" data-id=\"9dd1a23\" data-element_type=\"column\" data-e-type=\"column\" data-settings=\"{&quot;background_background&quot;:&quot;classic&quot;}\">\n\t\t\t<div class=\"elementor-widget-wrap elementor-element-populated\">\n\t\t\t\t\t<div class=\"elementor-background-overlay\"><\/div>\n\t\t\t\t\t\t<div class=\"elementor-element elementor-element-56b98fc elementor-widget elementor-widget-heading\" data-id=\"56b98fc\" data-element_type=\"widget\" data-e-type=\"widget\" data-widget_type=\"heading.default\">\n\t\t\t\t<div class=\"elementor-widget-container\">\n\t\t\t\t\t<h2 class=\"elementor-heading-title elementor-size-default\">Trauma-informierte F\u00fchrung<\/h2>\t\t\t\t<\/div>\n\t\t\t\t<\/div>\n\t\t\t\t<div class=\"elementor-element elementor-element-3c2047e elementor-widget-divider--view-line elementor-widget elementor-widget-divider\" data-id=\"3c2047e\" data-element_type=\"widget\" data-e-type=\"widget\" data-widget_type=\"divider.default\">\n\t\t\t\t<div class=\"elementor-widget-container\">\n\t\t\t\t\t\t\t<div class=\"elementor-divider\">\n\t\t\t<span class=\"elementor-divider-separator\">\n\t\t\t\t\t\t<\/span>\n\t\t<\/div>\n\t\t\t\t\t\t<\/div>\n\t\t\t\t<\/div>\n\t\t\t\t\t<\/div>\n\t\t<\/div>\n\t\t\t\t\t<\/div>\n\t\t<\/section>\n\t\t\t\t<section class=\"elementor-section elementor-top-section elementor-element elementor-element-73d0b95 elementor-section-boxed elementor-section-height-default elementor-section-height-default\" data-id=\"73d0b95\" data-element_type=\"section\" data-e-type=\"section\" data-settings=\"{&quot;background_background&quot;:&quot;classic&quot;}\">\n\t\t\t\t\t\t<div class=\"elementor-container elementor-column-gap-default\">\n\t\t\t\t\t<div class=\"elementor-column elementor-col-33 elementor-top-column elementor-element elementor-element-99445f9\" data-id=\"99445f9\" data-element_type=\"column\" data-e-type=\"column\">\n\t\t\t<div class=\"elementor-widget-wrap elementor-element-populated\">\n\t\t\t\t\t\t<div class=\"elementor-element elementor-element-9766a77 elementor-widget elementor-widget-heading\" data-id=\"9766a77\" data-element_type=\"widget\" data-e-type=\"widget\" data-widget_type=\"heading.default\">\n\t\t\t\t<div class=\"elementor-widget-container\">\n\t\t\t\t\t<h2 class=\"elementor-heading-title elementor-size-default\">Inhalt des Webinars<\/h2>\t\t\t\t<\/div>\n\t\t\t\t<\/div>\n\t\t\t\t\t<\/div>\n\t\t<\/div>\n\t\t\t\t<div class=\"elementor-column elementor-col-33 elementor-top-column elementor-element elementor-element-631e791\" data-id=\"631e791\" data-element_type=\"column\" data-e-type=\"column\">\n\t\t\t<div class=\"elementor-widget-wrap elementor-element-populated\">\n\t\t\t\t\t\t<div class=\"elementor-element elementor-element-b6a4c28 elementor-widget elementor-widget-text-editor\" data-id=\"b6a4c28\" data-element_type=\"widget\" data-e-type=\"widget\" data-widget_type=\"text-editor.default\">\n\t\t\t\t<div class=\"elementor-widget-container\">\n\t\t\t\t\t\t\t\t\t<div><p><span style=\"background-color: var( --e-global-color-primary ); font-family: var( --e-global-typography-text-font-family ), Sans-serif; font-size: inherit; letter-spacing: -0.015em; text-align: inherit;\">In Zeiten von globaler Unsicherheit und zunehmender Komplexit\u00e4t ist ein grundlegendes Verst\u00e4ndnis von Trauma und dessen Auswirkungen am Arbeitsplatz heutzutage erforderlich. <\/span><\/p><p><span style=\"font-size: inherit; text-align: inherit; background-color: var( --e-global-color-primary ); font-family: var( --e-global-typography-text-font-family ), Sans-serif; letter-spacing: -0.015em;\">Traumata sind die Ursache vieler gesundheitlicher Probleme am Arbeitsplatz, z.B. Burnout, Mobbing, Stress, Konflikte, Antriebslosigkeit. <\/span><\/p><p><span style=\"font-size: inherit; text-align: inherit; font-family: var( --e-global-typography-text-font-family ), Sans-serif; letter-spacing: -0.015em; background-color: var( --e-global-color-primary );\"><span style=\"font-size: var( --e-global-typography-text-font-size ); text-align: inherit; font-family: var( --e-global-typography-text-font-family ), Sans-serif; letter-spacing: -0.015em; background-color: var( --e-global-color-primary );\">Die Aufgabe von F\u00fchrungskr\u00e4ften ist es, mit Menschen in Kontakt zu sein. Und um im menschlichen Kontakt wirksam zu werden, ben\u00f6tigen Sie ein gutes Grundverst\u00e4ndnis von der Bandbreite menschlicher, emotionaler Zust\u00e4nde, um in den entscheidenen Situationen <\/span><span style=\"font-size: var( --e-global-typography-text-font-size ); text-align: inherit; font-family: var( --e-global-typography-text-font-family ), Sans-serif; letter-spacing: -0.015em; background-color: var( --e-global-color-primary );\">angemessen und mitf\u00fchlend auf ihre Mitarbeiter reagieren zu k\u00f6nnen. <\/span><\/span><\/p><\/div><ul data-rte-list=\"default\"><li><p><strong style=\"font-size: inherit; text-align: inherit; font-family: var( --e-global-typography-text-font-family ), Sans-serif; letter-spacing: -0.015em; background-color: var( --e-global-color-primary );\">Was ist Trauma?<\/strong><span style=\"font-size: inherit; text-align: inherit; font-family: var( --e-global-typography-text-font-family ), Sans-serif; letter-spacing: -0.015em; background-color: var( --e-global-color-primary );\">: Erfahren Sie, welche unterschiedlichen Kategorien von Trauma unterschieden werden und in welcher Art und Weise sie sich im Alltag auswirken k\u00f6nnen. Erfahren Sie mehr \u00fcber die kollektive, \u00f6kologische und systemische Dimension von Trauma. <\/span><\/p><\/li><li><p><strong>Wie manifestiert sich Trauma am Arbeitsplatz?<\/strong>: Erfahren Sie, wie Trauma die Ursache vieler gesundheitlicher Probleme am Arbeitsplatz ist, z. B. Burnout, Mobbing, Stress, Konflikte, Antriebslosigkeit. <\/p><\/li><li><p><strong>Wie erkenne ich eine Trauma-Reaktion bei einem Mitarbeiter?<\/strong>: Erfahren Sie mehr \u00fcber die verschiedenen Hinweise, die auf eine m\u00f6gliche Trauma-Reaktion hindeuten. <\/p><\/li><li><p><strong>Wie reagiere ich als F\u00fchrungskraft auf ein Trauma?<\/strong>: Erfahren Sie mehr \u00fcber die Bedeutung von Sicherheit und Co-Regulierung im Umgang mit traumabedingten Reaktionen eines Mitarbeiters. Lernen Sie effektive kurze Interventionen, um einen Mitarbeiter zu erden und zu zentrieren und Sicherheit zu vermitteln. <\/p><\/li><li><p><strong>Selbstreflektion:<\/strong> Entwickeln Sie Ihre Sensibilit\u00e4t f\u00fcr Ihre pers\u00f6nlichen emotionalen Trigger am Arbeitsplatz \u2013 und lernen Sie, wie Sie besser damit umgehen k\u00f6nnen. <\/p><\/li><li><p><strong>Haltung:<\/strong>Begreifen Sie, dass F\u00fchrung anderer ein kontinuierlicher Prozess der Selbstreflektion mit sich und den anderen ist und finden Sie Ihren eigenen Weg, um sich zu erden und zu zentrieren. <\/p><\/li><\/ul>\t\t\t\t\t\t\t\t<\/div>\n\t\t\t\t<\/div>\n\t\t\t\t\t<\/div>\n\t\t<\/div>\n\t\t\t\t<div class=\"elementor-column elementor-col-33 elementor-top-column elementor-element elementor-element-caeff26\" data-id=\"caeff26\" data-element_type=\"column\" data-e-type=\"column\">\n\t\t\t<div class=\"elementor-widget-wrap elementor-element-populated\">\n\t\t\t\t\t\t<div class=\"elementor-element elementor-element-ef86f39 elementor-widget elementor-widget-text-editor\" data-id=\"ef86f39\" data-element_type=\"widget\" data-e-type=\"widget\" data-widget_type=\"text-editor.default\">\n\t\t\t\t<div class=\"elementor-widget-container\">\n\t\t\t\t\t\t\t\t\t<p class=\"\"><strong>Termine<br><\/strong>Weitere Informationen auf Anfrage<\/p><p class=\"\"><strong>Format <br><\/strong>W\u00f6chentliche Live-Online-Schulungen in Zoom<\/p><p class=\"\"><strong>Dauer<br><\/strong>6 Module \u00e0 2-3 Stunden \u00fcber 6 Wochen  <\/p><p class=\"\"><strong>Gruppe<br><\/strong>6-20 Teilnehmer<\/p><p class=\"\"><strong>Kosten<br><\/strong>Privatpersonen: 950 EURO inkl. MwSt.<br>Organisationen: 950 EURO zzgl. MwSt.; Rabatt m\u00f6glich bei Buchung von mindestens 4 Teilnehmern\/Organisation <\/p><p class=\"\">Bitte kontaktieren Sie uns auch f\u00fcr Rabatte bei aktuellen wirtschaftlichen Problemen aufgrund der Corona-Krise!<\/p><p class=\"\"><strong>Trainer<\/strong><br><br>Dr. Stefanie Becker<\/p>\t\t\t\t\t\t\t\t<\/div>\n\t\t\t\t<\/div>\n\t\t\t\t\t<\/div>\n\t\t<\/div>\n\t\t\t\t\t<\/div>\n\t\t<\/section>\n\t\t\t\t<section class=\"elementor-section elementor-top-section elementor-element elementor-element-6d86a26 elementor-section-boxed elementor-section-height-default elementor-section-height-default\" data-id=\"6d86a26\" data-element_type=\"section\" data-e-type=\"section\">\n\t\t\t\t\t\t<div class=\"elementor-container elementor-column-gap-default\">\n\t\t\t\t\t<div class=\"elementor-column elementor-col-100 elementor-top-column elementor-element elementor-element-48b7f23\" data-id=\"48b7f23\" data-element_type=\"column\" data-e-type=\"column\">\n\t\t\t<div class=\"elementor-widget-wrap elementor-element-populated\">\n\t\t\t\t\t\t<div class=\"elementor-element elementor-element-1e34191 elementor-align-center elementor-widget elementor-widget-button\" data-id=\"1e34191\" data-element_type=\"widget\" data-e-type=\"widget\" data-widget_type=\"button.default\">\n\t\t\t\t<div class=\"elementor-widget-container\">\n\t\t\t\t\t\t\t\t\t<div class=\"elementor-button-wrapper\">\n\t\t\t\t\t<a class=\"elementor-button elementor-button-link elementor-size-sm\" href=\"#\">\n\t\t\t\t\t\t<span class=\"elementor-button-content-wrapper\">\n\t\t\t\t\t\t\t\t\t<span class=\"elementor-button-text\">zur\u00fcck<\/span>\n\t\t\t\t\t<\/span>\n\t\t\t\t\t<\/a>\n\t\t\t\t<\/div>\n\t\t\t\t\t\t\t\t<\/div>\n\t\t\t\t<\/div>\n\t\t\t\t\t<\/div>\n\t\t<\/div>\n\t\t\t\t\t<\/div>\n\t\t<\/section>\n\t\t\t\t<section class=\"elementor-section elementor-top-section elementor-element elementor-element-33d217e9 elementor-section-content-middle elementor-section-stretched elementor-section-height-min-height elementor-section-items-stretch elementor-section-boxed elementor-section-height-default\" data-id=\"33d217e9\" data-element_type=\"section\" data-e-type=\"section\" data-settings=\"{&quot;background_background&quot;:&quot;classic&quot;,&quot;stretch_section&quot;:&quot;section-stretched&quot;,&quot;shape_divider_top&quot;:&quot;waves&quot;}\">\n\t\t\t\t\t\t\t<div class=\"elementor-background-overlay\"><\/div>\n\t\t\t\t\t\t<div class=\"elementor-shape elementor-shape-top\" aria-hidden=\"true\" data-negative=\"false\">\n\t\t\t<svg xmlns=\"http:\/\/www.w3.org\/2000\/svg\" viewBox=\"0 0 1000 100\" preserveAspectRatio=\"none\">\n\t<path class=\"elementor-shape-fill\" d=\"M421.9,6.5c22.6-2.5,51.5,0.4,75.5,5.3c23.6,4.9,70.9,23.5,100.5,35.7c75.8,32.2,133.7,44.5,192.6,49.7\n\tc23.6,2.1,48.7,3.5,103.4-2.5c54.7-6,106.2-25.6,106.2-25.6V0H0v30.3c0,0,72,32.6,158.4,30.5c39.2-0.7,92.8-6.7,134-22.4\n\tc21.2-8.1,52.2-18.2,79.7-24.2C399.3,7.9,411.6,7.5,421.9,6.5z\"\/>\n<\/svg>\t\t<\/div>\n\t\t\t\t\t<div class=\"elementor-container elementor-column-gap-default\">\n\t\t\t\t\t<div class=\"elementor-column elementor-col-100 elementor-top-column elementor-element elementor-element-42f98c1\" data-id=\"42f98c1\" data-element_type=\"column\" data-e-type=\"column\">\n\t\t\t<div class=\"elementor-widget-wrap\">\n\t\t\t\t\t\t\t<\/div>\n\t\t<\/div>\n\t\t\t\t\t<\/div>\n\t\t<\/section>\n\t\t\t\t<\/div>\n\t\t","protected":false},"excerpt":{"rendered":"<p>Akademie Erst Mensch sein. F\u00fchrung folgt. Trauma-informierte F\u00fchrung Inhalt des Webinars In Zeiten von globaler Unsicherheit und zunehmender Komplexit\u00e4t ist ein grundlegendes Verst\u00e4ndnis von Trauma und dessen Auswirkungen am Arbeitsplatz heutzutage erforderlich. Traumata sind die Ursache vieler gesundheitlicher Probleme am Arbeitsplatz, z.B. Burnout, Mobbing, Stress, Konflikte, Antriebslosigkeit. Die Aufgabe von F\u00fchrungskr\u00e4ften ist es, mit Menschen [&hellip;]<\/p>\n","protected":false},"author":1,"featured_media":0,"parent":0,"menu_order":0,"comment_status":"closed","ping_status":"closed","template":"elementor_header_footer","meta":{"_monsterinsights_skip_tracking":false,"_monsterinsights_sitenote_active":false,"_monsterinsights_sitenote_note":"","_monsterinsights_sitenote_category":0,"footnotes":""},"wf_page_folders":[14],"class_list":["post-6838","page","type-page","status-publish","hentry"],"aioseo_notices":[],"_links":{"self":[{"href":"https:\/\/innersync.de\/de\/wp-json\/wp\/v2\/pages\/6838","targetHints":{"allow":["GET"]}}],"collection":[{"href":"https:\/\/innersync.de\/de\/wp-json\/wp\/v2\/pages"}],"about":[{"href":"https:\/\/innersync.de\/de\/wp-json\/wp\/v2\/types\/page"}],"author":[{"embeddable":true,"href":"https:\/\/innersync.de\/de\/wp-json\/wp\/v2\/users\/1"}],"replies":[{"embeddable":true,"href":"https:\/\/innersync.de\/de\/wp-json\/wp\/v2\/comments?post=6838"}],"version-history":[{"count":23,"href":"https:\/\/innersync.de\/de\/wp-json\/wp\/v2\/pages\/6838\/revisions"}],"predecessor-version":[{"id":18688,"href":"https:\/\/innersync.de\/de\/wp-json\/wp\/v2\/pages\/6838\/revisions\/18688"}],"wp:attachment":[{"href":"https:\/\/innersync.de\/de\/wp-json\/wp\/v2\/media?parent=6838"}],"wp:term":[{"taxonomy":"wf_page_folders","embeddable":true,"href":"https:\/\/innersync.de\/de\/wp-json\/wp\/v2\/wf_page_folders?post=6838"}],"curies":[{"name":"wp","href":"https:\/\/api.w.org\/{rel}","templated":true}]}}