{"id":6834,"date":"2022-02-10T14:30:00","date_gmt":"2022-02-10T14:30:00","guid":{"rendered":"https:\/\/innersync.de\/an-konflikten-wachsen\/"},"modified":"2025-09-01T07:50:22","modified_gmt":"2025-09-01T07:50:22","slug":"an-konflikten-wachsen","status":"publish","type":"page","link":"https:\/\/innersync.de\/de\/an-konflikten-wachsen\/","title":{"rendered":"Wachsen Sie durch Konflikte"},"content":{"rendered":"\t\t<div data-elementor-type=\"wp-page\" data-elementor-id=\"6834\" class=\"elementor elementor-6834\" data-elementor-post-type=\"page\">\n\t\t\t\t\t\t<section class=\"elementor-section elementor-top-section elementor-element elementor-element-12717a87 elementor-section-content-top elementor-section-height-min-height elementor-section-items-stretch elementor-section-boxed elementor-section-height-default\" data-id=\"12717a87\" data-element_type=\"section\" data-e-type=\"section\" data-settings=\"{&quot;background_background&quot;:&quot;classic&quot;}\">\n\t\t\t\t\t\t\t<div class=\"elementor-background-overlay\"><\/div>\n\t\t\t\t\t\t\t<div class=\"elementor-container elementor-column-gap-default\">\n\t\t\t\t\t<div class=\"elementor-column elementor-col-100 elementor-top-column elementor-element elementor-element-2dfdbf2b\" data-id=\"2dfdbf2b\" data-element_type=\"column\" data-e-type=\"column\">\n\t\t\t<div class=\"elementor-widget-wrap elementor-element-populated\">\n\t\t\t\t\t\t<div class=\"elementor-element elementor-element-5871e29e animated-slow elementor-invisible elementor-widget elementor-widget-heading\" data-id=\"5871e29e\" data-element_type=\"widget\" data-e-type=\"widget\" data-settings=\"{&quot;_animation&quot;:&quot;fadeIn&quot;,&quot;_animation_delay&quot;:600}\" data-widget_type=\"heading.default\">\n\t\t\t\t<div class=\"elementor-widget-container\">\n\t\t\t\t\t<h1 class=\"elementor-heading-title elementor-size-default\">Akademie<\/h1>\t\t\t\t<\/div>\n\t\t\t\t<\/div>\n\t\t\t\t<div class=\"elementor-element elementor-element-56fd569 animated-slow elementor-invisible elementor-widget elementor-widget-heading\" data-id=\"56fd569\" data-element_type=\"widget\" data-e-type=\"widget\" data-settings=\"{&quot;_animation&quot;:&quot;fadeIn&quot;,&quot;_animation_delay&quot;:600}\" data-widget_type=\"heading.default\">\n\t\t\t\t<div class=\"elementor-widget-container\">\n\t\t\t\t\t<h1 class=\"elementor-heading-title elementor-size-default\">Erst <i><b> Mensch<\/i><\/b> sein. F\u00fchrung folgt.<\/h1>\t\t\t\t<\/div>\n\t\t\t\t<\/div>\n\t\t\t\t\t<\/div>\n\t\t<\/div>\n\t\t\t\t\t<\/div>\n\t\t<\/section>\n\t\t\t\t<section class=\"elementor-section elementor-top-section elementor-element elementor-element-2829032 elementor-section-height-min-height elementor-section-boxed elementor-section-height-default elementor-section-items-middle\" data-id=\"2829032\" data-element_type=\"section\" data-e-type=\"section\" data-settings=\"{&quot;background_background&quot;:&quot;classic&quot;}\">\n\t\t\t\t\t\t\t<div class=\"elementor-background-overlay\"><\/div>\n\t\t\t\t\t\t\t<div class=\"elementor-container elementor-column-gap-default\">\n\t\t\t\t\t<div class=\"elementor-column elementor-col-100 elementor-top-column elementor-element elementor-element-9dd1a23\" data-id=\"9dd1a23\" data-element_type=\"column\" data-e-type=\"column\" data-settings=\"{&quot;background_background&quot;:&quot;classic&quot;}\">\n\t\t\t<div class=\"elementor-widget-wrap elementor-element-populated\">\n\t\t\t\t\t<div class=\"elementor-background-overlay\"><\/div>\n\t\t\t\t\t\t<div class=\"elementor-element elementor-element-56b98fc elementor-widget elementor-widget-heading\" data-id=\"56b98fc\" data-element_type=\"widget\" data-e-type=\"widget\" data-widget_type=\"heading.default\">\n\t\t\t\t<div class=\"elementor-widget-container\">\n\t\t\t\t\t<h2 class=\"elementor-heading-title elementor-size-default\">Wachsen Sie <i>durch<\/i> Konflikte<\/h2>\t\t\t\t<\/div>\n\t\t\t\t<\/div>\n\t\t\t\t<div class=\"elementor-element elementor-element-3c2047e elementor-widget-divider--view-line elementor-widget elementor-widget-divider\" data-id=\"3c2047e\" data-element_type=\"widget\" data-e-type=\"widget\" data-widget_type=\"divider.default\">\n\t\t\t\t<div class=\"elementor-widget-container\">\n\t\t\t\t\t\t\t<div class=\"elementor-divider\">\n\t\t\t<span class=\"elementor-divider-separator\">\n\t\t\t\t\t\t<\/span>\n\t\t<\/div>\n\t\t\t\t\t\t<\/div>\n\t\t\t\t<\/div>\n\t\t\t\t\t<\/div>\n\t\t<\/div>\n\t\t\t\t\t<\/div>\n\t\t<\/section>\n\t\t\t\t<section class=\"elementor-section elementor-top-section elementor-element elementor-element-73d0b95 elementor-section-boxed elementor-section-height-default elementor-section-height-default\" data-id=\"73d0b95\" data-element_type=\"section\" data-e-type=\"section\" data-settings=\"{&quot;background_background&quot;:&quot;classic&quot;}\">\n\t\t\t\t\t\t<div class=\"elementor-container elementor-column-gap-default\">\n\t\t\t\t\t<div class=\"elementor-column elementor-col-33 elementor-top-column elementor-element elementor-element-99445f9\" data-id=\"99445f9\" data-element_type=\"column\" data-e-type=\"column\">\n\t\t\t<div class=\"elementor-widget-wrap elementor-element-populated\">\n\t\t\t\t\t\t<div class=\"elementor-element elementor-element-9766a77 elementor-widget elementor-widget-heading\" data-id=\"9766a77\" data-element_type=\"widget\" data-e-type=\"widget\" data-widget_type=\"heading.default\">\n\t\t\t\t<div class=\"elementor-widget-container\">\n\t\t\t\t\t<h2 class=\"elementor-heading-title elementor-size-default\">Inhalt des Webinars<\/h2>\t\t\t\t<\/div>\n\t\t\t\t<\/div>\n\t\t\t\t\t<\/div>\n\t\t<\/div>\n\t\t\t\t<div class=\"elementor-column elementor-col-33 elementor-top-column elementor-element elementor-element-631e791\" data-id=\"631e791\" data-element_type=\"column\" data-e-type=\"column\">\n\t\t\t<div class=\"elementor-widget-wrap elementor-element-populated\">\n\t\t\t\t\t\t<div class=\"elementor-element elementor-element-b6a4c28 elementor-widget elementor-widget-text-editor\" data-id=\"b6a4c28\" data-element_type=\"widget\" data-e-type=\"widget\" data-widget_type=\"text-editor.default\">\n\t\t\t\t<div class=\"elementor-widget-container\">\n\t\t\t\t\t\t\t\t\t<div><p><span style=\"background-color: var( --e-global-color-primary ); font-family: var( --e-global-typography-text-font-family ), Sans-serif; font-size: inherit; letter-spacing: -0.015em; text-align: inherit;\">Lernen Sie ein <b>neues Paradigma f\u00fcr den Umgang mit Konflikten kennen:<\/b> <\/span><\/p><\/div><ul data-rte-list=\"default\"><li><p><strong style=\"font-size: inherit; text-align: inherit; font-family: var( --e-global-typography-text-font-family ), Sans-serif; letter-spacing: -0.015em; background-color: var( --e-global-color-primary );\">Jeder Konflikt hat ein Potenzial f\u00fcr Entwicklung und Wachstum: <\/strong><span style=\"font-size: inherit; text-align: inherit; font-family: var( --e-global-typography-text-font-family ), Sans-serif; letter-spacing: -0.015em; background-color: var( --e-global-color-primary );\">Begreifen Sie Konflikte als Chance, sich selbst und die eigenen Bed\u00fcrfnisse besser kennenzulernen. Es ist auch eine Chance, die F\u00e4higkeit f\u00fcr Selbst-Mitgef\u00fchl zu vertiefen ebenso wie Empathie f\u00fcr andere. Der Umgang mit Konflikten ist immer auch Friedensarbeit. Der Friede beginnt in uns. Wie friedlich und ruhig k\u00f6nnen wir inmitten eines Konfliktes sein? <\/span><\/p><\/li><li><p><strong style=\"font-size: inherit; text-align: inherit; font-family: var( --e-global-typography-text-font-family ), Sans-serif; letter-spacing: -0.015em; background-color: var( --e-global-color-primary );\">Neurobiologie des Konflikts: <\/strong><span style=\"font-size: inherit; text-align: inherit; font-family: var( --e-global-typography-text-font-family ), Sans-serif; letter-spacing: -0.015em; background-color: var( --e-global-color-primary );\">Erfahren Sie mehr \u00fcber die biologischen Grundlagen der Kampf- \/ Flucht- \/ Freeze-Reaktion, die in Konflikten aktiviert wird und wie sie sich auf menschliches Verhalten auswirken. Lernen Sie, wie tief verk\u00f6rpert unsere Reaktion auf Konflikte sind und weshalb wir uns nicht mit unseren K\u00f6pfen aus Konflikten &#8222;herausdenken&#8220; k\u00f6nnen. <\/span><\/p><\/li><li><p><span style=\"font-size: inherit; text-align: inherit; font-family: var( --e-global-typography-text-font-family ), Sans-serif; letter-spacing: -0.015em; background-color: var( --e-global-color-primary );\"><b>Trauma:<\/b> Erfahren Sie, wie Konflikte eine Trauma-Reaktion ausl\u00f6sen k\u00f6nnen. Erwerben Sie ein Grundverst\u00e4ndnis daf\u00fcr, was Trauma ist und wie es sich in einem Konflikt manifestieren kann. <\/span><\/p><\/li><li><p><strong style=\"font-size: inherit; text-align: inherit; font-family: var( --e-global-typography-text-font-family ), Sans-serif; letter-spacing: -0.015em; background-color: var( --e-global-color-primary );\">Bed\u00fcrfnisse: <\/strong><span style=\"font-size: inherit; text-align: inherit; font-family: var( --e-global-typography-text-font-family ), Sans-serif; letter-spacing: -0.015em; background-color: var( --e-global-color-primary );\">Erfahren Sie, welche tiefen menschlichen Bed\u00fcrfnisse sich in Konflikten zeigen und wie verletzlich und bedroht wir uns f\u00fchlen, wenn diese Bed\u00fcrfnisse nicht erf\u00fcllt werden. Verstehen Sie, dass es in erster Linie unsere eigene Verantwortung ist, f\u00fcr unsere Bed\u00fcrfnisse zu sorgen &#8211; bevor wir andere bitten, etwas f\u00fcr uns zu tun. <\/span><\/p><\/li><li><p><strong style=\"font-size: inherit; text-align: inherit; font-family: var( --e-global-typography-text-font-family ), Sans-serif; letter-spacing: -0.015em; background-color: var( --e-global-color-primary );\">Psychologie: <\/strong><span style=\"font-size: inherit; text-align: inherit; font-family: var( --e-global-typography-text-font-family ), Sans-serif; letter-spacing: -0.015em; background-color: var( --e-global-color-primary );\">Lernen Sie, wie unsere pers\u00f6nliche Reaktion auf Konflikte stark von unserer Biographie beeinflusst ist. Wie haben wir gelernt, mit Konflikten umzugehen? Wir sind gepr\u00e4gt von unseren Lebenserfahrungen , und gleichzeitig haben wir die M\u00f6glichkeit, uns zu ver\u00e4ndern. <\/span><\/p><\/li><li><p><strong style=\"font-size: inherit; text-align: inherit; font-family: var( --e-global-typography-text-font-family ), Sans-serif; letter-spacing: -0.015em; background-color: var( --e-global-color-primary );\">Selbstmitgef\u00fchl: <\/strong><span style=\"font-size: inherit; text-align: inherit; font-family: var( --e-global-typography-text-font-family ), Sans-serif; letter-spacing: -0.015em; background-color: var( --e-global-color-primary );\">Lernen Sie,<b> <\/b>wie wichtig es ist, in Konflikten liebevoll mit uns selbst umzugehen (&#8222;Selbstmitgef\u00fchl&#8220;) Eine innere Haltung von liebevoller Zugewandtheit uns selbst und unseren Bed\u00fcrfnissen gegen\u00fcber unterst\u00fctzt uns in Konflikten sehr. Aus einer gekl\u00e4rteren inneren Haltung heraus ist eine neue Begegnung mit dem Gegen\u00fcber m\u00f6glich. <\/span><\/p><\/li><li><p><span style=\"font-size: inherit; text-align: inherit; font-family: var( --e-global-typography-text-font-family ), Sans-serif; letter-spacing: -0.015em; background-color: var( --e-global-color-primary );\"><b>Selbstreflexion<\/b>: Verstehen Sie Ihre pers\u00f6nliche Reaktion im Konflikt besser und machen Sie einen ersten Schitt, um ihr pers\u00f6nliches Repertoire zu erweitern. <\/span><\/p><\/li><li><p><strong style=\"font-size: inherit; text-align: inherit; font-family: var( --e-global-typography-text-font-family ), Sans-serif; letter-spacing: -0.015em; background-color: var( --e-global-color-primary );\">Selbstregulation im Konflikt: <\/strong><span style=\"font-size: inherit; text-align: inherit; font-family: var( --e-global-typography-text-font-family ), Sans-serif; letter-spacing: -0.015em; background-color: var( --e-global-color-primary );\">Lerne wie du von einem CRASH-State in einen COACH-State kommst.<\/span> <\/p><\/li><\/ul>\t\t\t\t\t\t\t\t<\/div>\n\t\t\t\t<\/div>\n\t\t\t\t\t<\/div>\n\t\t<\/div>\n\t\t\t\t<div class=\"elementor-column elementor-col-33 elementor-top-column elementor-element elementor-element-caeff26\" data-id=\"caeff26\" data-element_type=\"column\" data-e-type=\"column\">\n\t\t\t<div class=\"elementor-widget-wrap elementor-element-populated\">\n\t\t\t\t\t\t<div class=\"elementor-element elementor-element-ef86f39 elementor-widget elementor-widget-text-editor\" data-id=\"ef86f39\" data-element_type=\"widget\" data-e-type=\"widget\" data-widget_type=\"text-editor.default\">\n\t\t\t\t<div class=\"elementor-widget-container\">\n\t\t\t\t\t\t\t\t\t<p class=\"\" style=\"background-color: var( --e-global-color-primary ); font-family: var( --e-global-typography-text-font-family ), Sans-serif; letter-spacing: -0.015em; display: inline !important;\"><strong>Termine<br><\/strong>Weitere Informationen auf Anfrage<\/p>\n<p class=\"\" style=\"background-color: var( --e-global-color-primary ); font-family: var( --e-global-typography-text-font-family ), Sans-serif; letter-spacing: -0.015em;\"><strong>Format <br><\/strong>W\u00f6chentliche Live-Online-Schulungen in Zoom<\/p>\n<p class=\"\" style=\"background-color: var( --e-global-color-primary ); font-family: var( --e-global-typography-text-font-family ), Sans-serif; letter-spacing: -0.015em;\"><strong>Dauer<br><\/strong>6 Module \u00e0 2-3 Stunden \u00fcber 6 Wochen&nbsp;<\/p>\n<p class=\"\" style=\"background-color: var( --e-global-color-primary ); font-family: var( --e-global-typography-text-font-family ), Sans-serif; letter-spacing: -0.015em;\"><strong>Gruppe<br><\/strong>6-20 Teilnehmer<\/p>\n<p class=\"\" style=\"background-color: var( --e-global-color-primary ); font-family: var( --e-global-typography-text-font-family ), Sans-serif; letter-spacing: -0.015em;\"><strong>Kosten<br><\/strong>Privatpersonen: 950 EURO inkl. MwSt.<br>Organisationen: 950 EURO zzgl. MwSt.; Rabatt m\u00f6glich bei Buchung von mindestens 4 Teilnehmern\/Organisation <\/p>\n<p class=\"\" style=\"background-color: var( --e-global-color-primary ); font-family: var( --e-global-typography-text-font-family ), Sans-serif; letter-spacing: -0.015em;\">Bitte kontaktieren Sie uns auch f\u00fcr Rabatte bei aktuellen wirtschaftlichen Problemen aufgrund der Corona-Krise!<\/p>\n<p class=\"\" style=\"background-color: var( --e-global-color-primary ); font-family: var( --e-global-typography-text-font-family ), Sans-serif; letter-spacing: -0.015em;\"><strong>Trainer<\/strong><br><span style=\"background-color: var( --e-global-color-primary ); font-family: var( --e-global-typography-text-font-family ), Sans-serif; font-size: inherit; letter-spacing: -0.015em; text-align: inherit;\">Dr. Miriam Nabinger <\/span><\/p>\n<p>Dr. Stefanie Becker<\/p>\t\t\t\t\t\t\t\t<\/div>\n\t\t\t\t<\/div>\n\t\t\t\t\t<\/div>\n\t\t<\/div>\n\t\t\t\t\t<\/div>\n\t\t<\/section>\n\t\t\t\t<section class=\"elementor-section elementor-top-section elementor-element elementor-element-538930d elementor-section-boxed elementor-section-height-default elementor-section-height-default\" data-id=\"538930d\" data-element_type=\"section\" data-e-type=\"section\">\n\t\t\t\t\t\t<div class=\"elementor-container elementor-column-gap-default\">\n\t\t\t\t\t<div class=\"elementor-column elementor-col-100 elementor-top-column elementor-element elementor-element-27d8c74\" data-id=\"27d8c74\" data-element_type=\"column\" data-e-type=\"column\">\n\t\t\t<div class=\"elementor-widget-wrap elementor-element-populated\">\n\t\t\t\t\t\t<div class=\"elementor-element elementor-element-0c7e94c elementor-align-center elementor-widget elementor-widget-button\" data-id=\"0c7e94c\" data-element_type=\"widget\" data-e-type=\"widget\" data-widget_type=\"button.default\">\n\t\t\t\t<div class=\"elementor-widget-container\">\n\t\t\t\t\t\t\t\t\t<div class=\"elementor-button-wrapper\">\n\t\t\t\t\t<a class=\"elementor-button elementor-button-link elementor-size-sm\" href=\"https:\/\/innersync.de\/de\/akademie\/\">\n\t\t\t\t\t\t<span class=\"elementor-button-content-wrapper\">\n\t\t\t\t\t\t\t\t\t<span class=\"elementor-button-text\">Zur\u00fcck zur Academy<\/span>\n\t\t\t\t\t<\/span>\n\t\t\t\t\t<\/a>\n\t\t\t\t<\/div>\n\t\t\t\t\t\t\t\t<\/div>\n\t\t\t\t<\/div>\n\t\t\t\t\t<\/div>\n\t\t<\/div>\n\t\t\t\t\t<\/div>\n\t\t<\/section>\n\t\t\t\t<section class=\"elementor-section elementor-top-section elementor-element elementor-element-33d217e9 elementor-section-content-middle elementor-section-stretched elementor-section-height-min-height elementor-section-items-stretch elementor-section-boxed elementor-section-height-default\" data-id=\"33d217e9\" data-element_type=\"section\" data-e-type=\"section\" data-settings=\"{&quot;background_background&quot;:&quot;classic&quot;,&quot;stretch_section&quot;:&quot;section-stretched&quot;,&quot;shape_divider_top&quot;:&quot;waves&quot;}\">\n\t\t\t\t\t\t\t<div class=\"elementor-background-overlay\"><\/div>\n\t\t\t\t\t\t<div class=\"elementor-shape elementor-shape-top\" aria-hidden=\"true\" data-negative=\"false\">\n\t\t\t<svg xmlns=\"http:\/\/www.w3.org\/2000\/svg\" viewBox=\"0 0 1000 100\" preserveAspectRatio=\"none\">\n\t<path class=\"elementor-shape-fill\" d=\"M421.9,6.5c22.6-2.5,51.5,0.4,75.5,5.3c23.6,4.9,70.9,23.5,100.5,35.7c75.8,32.2,133.7,44.5,192.6,49.7\n\tc23.6,2.1,48.7,3.5,103.4-2.5c54.7-6,106.2-25.6,106.2-25.6V0H0v30.3c0,0,72,32.6,158.4,30.5c39.2-0.7,92.8-6.7,134-22.4\n\tc21.2-8.1,52.2-18.2,79.7-24.2C399.3,7.9,411.6,7.5,421.9,6.5z\"\/>\n<\/svg>\t\t<\/div>\n\t\t\t\t\t<div class=\"elementor-container elementor-column-gap-default\">\n\t\t\t\t\t<div class=\"elementor-column elementor-col-100 elementor-top-column elementor-element elementor-element-42f98c1\" data-id=\"42f98c1\" data-element_type=\"column\" data-e-type=\"column\">\n\t\t\t<div class=\"elementor-widget-wrap\">\n\t\t\t\t\t\t\t<\/div>\n\t\t<\/div>\n\t\t\t\t\t<\/div>\n\t\t<\/section>\n\t\t\t\t<\/div>\n\t\t","protected":false},"excerpt":{"rendered":"<p>Akademie Erst Mensch sein. F\u00fchrung folgt. Wachsen Sie durch Konflikte Inhalt des Webinars Lernen Sie ein neues Paradigma f\u00fcr den Umgang mit Konflikten kennen: Jeder Konflikt hat ein Potenzial f\u00fcr Entwicklung und Wachstum: Begreifen Sie Konflikte als Chance, sich selbst und die eigenen Bed\u00fcrfnisse besser kennenzulernen. Es ist auch eine Chance, die F\u00e4higkeit f\u00fcr Selbst-Mitgef\u00fchl [&hellip;]<\/p>\n","protected":false},"author":1,"featured_media":0,"parent":0,"menu_order":0,"comment_status":"closed","ping_status":"closed","template":"elementor_header_footer","meta":{"_monsterinsights_skip_tracking":false,"_monsterinsights_sitenote_active":false,"_monsterinsights_sitenote_note":"","_monsterinsights_sitenote_category":0,"footnotes":""},"wf_page_folders":[14],"class_list":["post-6834","page","type-page","status-publish","hentry"],"aioseo_notices":[],"_links":{"self":[{"href":"https:\/\/innersync.de\/de\/wp-json\/wp\/v2\/pages\/6834","targetHints":{"allow":["GET"]}}],"collection":[{"href":"https:\/\/innersync.de\/de\/wp-json\/wp\/v2\/pages"}],"about":[{"href":"https:\/\/innersync.de\/de\/wp-json\/wp\/v2\/types\/page"}],"author":[{"embeddable":true,"href":"https:\/\/innersync.de\/de\/wp-json\/wp\/v2\/users\/1"}],"replies":[{"embeddable":true,"href":"https:\/\/innersync.de\/de\/wp-json\/wp\/v2\/comments?post=6834"}],"version-history":[{"count":30,"href":"https:\/\/innersync.de\/de\/wp-json\/wp\/v2\/pages\/6834\/revisions"}],"predecessor-version":[{"id":18687,"href":"https:\/\/innersync.de\/de\/wp-json\/wp\/v2\/pages\/6834\/revisions\/18687"}],"wp:attachment":[{"href":"https:\/\/innersync.de\/de\/wp-json\/wp\/v2\/media?parent=6834"}],"wp:term":[{"taxonomy":"wf_page_folders","embeddable":true,"href":"https:\/\/innersync.de\/de\/wp-json\/wp\/v2\/wf_page_folders?post=6834"}],"curies":[{"name":"wp","href":"https:\/\/api.w.org\/{rel}","templated":true}]}}