{"id":18944,"date":"2022-02-10T14:30:00","date_gmt":"2022-02-10T14:30:00","guid":{"rendered":"https:\/\/innersync.de\/vision-workshop-2026\/"},"modified":"2026-01-18T11:11:55","modified_gmt":"2026-01-18T11:11:55","slug":"vision-workshop-2026","status":"publish","type":"page","link":"https:\/\/innersync.de\/de\/vision-workshop-2026\/","title":{"rendered":"Vision Workshop 2026"},"content":{"rendered":"\t\t<div data-elementor-type=\"wp-page\" data-elementor-id=\"18944\" class=\"elementor elementor-18944 elementor-18726\" data-elementor-post-type=\"page\">\n\t\t\t\t\t\t<section class=\"elementor-section elementor-top-section elementor-element elementor-element-12717a87 elementor-section-content-top elementor-section-height-min-height elementor-section-items-stretch elementor-section-boxed elementor-section-height-default\" data-id=\"12717a87\" data-element_type=\"section\" data-e-type=\"section\" data-settings=\"{&quot;background_background&quot;:&quot;classic&quot;}\">\n\t\t\t\t\t\t\t<div class=\"elementor-background-overlay\"><\/div>\n\t\t\t\t\t\t\t<div class=\"elementor-container elementor-column-gap-default\">\n\t\t\t\t\t<div class=\"elementor-column elementor-col-100 elementor-top-column elementor-element elementor-element-2dfdbf2b\" data-id=\"2dfdbf2b\" data-element_type=\"column\" data-e-type=\"column\">\n\t\t\t<div class=\"elementor-widget-wrap elementor-element-populated\">\n\t\t\t\t\t\t<div class=\"elementor-element elementor-element-5871e29e animated-slow elementor-invisible elementor-widget elementor-widget-heading\" data-id=\"5871e29e\" data-element_type=\"widget\" data-e-type=\"widget\" data-settings=\"{&quot;_animation&quot;:&quot;fadeIn&quot;,&quot;_animation_delay&quot;:600}\" data-widget_type=\"heading.default\">\n\t\t\t\t<div class=\"elementor-widget-container\">\n\t\t\t\t\t<h1 class=\"elementor-heading-title elementor-size-default\">Vision Workshop 2026<\/h1>\t\t\t\t<\/div>\n\t\t\t\t<\/div>\n\t\t\t\t<div class=\"elementor-element elementor-element-0aa7d40 animated-slow elementor-invisible elementor-widget elementor-widget-heading\" data-id=\"0aa7d40\" data-element_type=\"widget\" data-e-type=\"widget\" data-settings=\"{&quot;_animation&quot;:&quot;fadeIn&quot;,&quot;_animation_delay&quot;:600}\" data-widget_type=\"heading.default\">\n\t\t\t\t<div class=\"elementor-widget-container\">\n\t\t\t\t\t<h1 class=\"elementor-heading-title elementor-size-default\">Freitag, 30. Januar 2026\n\n18:00 - 22:00 Uhr\n<br>Praxis Impuls, Bergerstra\u00dfe 265, Frankfurt Bornheim Mitte<br><br>Geb\u00fchr: \u20ac80\n<\/h1>\t\t\t\t<\/div>\n\t\t\t\t<\/div>\n\t\t\t\t\t<\/div>\n\t\t<\/div>\n\t\t\t\t\t<\/div>\n\t\t<\/section>\n\t\t\t\t<section class=\"elementor-section elementor-top-section elementor-element elementor-element-31056a9 elementor-section-boxed elementor-section-height-default elementor-section-height-default\" data-id=\"31056a9\" data-element_type=\"section\" data-e-type=\"section\" data-settings=\"{&quot;background_background&quot;:&quot;classic&quot;}\">\n\t\t\t\t\t\t<div class=\"elementor-container elementor-column-gap-default\">\n\t\t\t\t\t<div class=\"elementor-column elementor-col-100 elementor-top-column elementor-element elementor-element-e05cdc6\" data-id=\"e05cdc6\" data-element_type=\"column\" data-e-type=\"column\" data-settings=\"{&quot;background_background&quot;:&quot;classic&quot;}\">\n\t\t\t<div class=\"elementor-widget-wrap elementor-element-populated\">\n\t\t\t\t\t<div class=\"elementor-background-overlay\"><\/div>\n\t\t\t\t\t\t<div class=\"elementor-element elementor-element-2d2d8bd elementor-widget elementor-widget-heading\" data-id=\"2d2d8bd\" data-element_type=\"widget\" data-e-type=\"widget\" data-widget_type=\"heading.default\">\n\t\t\t\t<div class=\"elementor-widget-container\">\n\t\t\t\t\t<h3 class=\"elementor-heading-title elementor-size-default\">Vision 2026<\/h3>\t\t\t\t<\/div>\n\t\t\t\t<\/div>\n\t\t\t\t<div class=\"elementor-element elementor-element-6edf352 elementor-widget elementor-widget-heading\" data-id=\"6edf352\" data-element_type=\"widget\" data-e-type=\"widget\" data-widget_type=\"heading.default\">\n\t\t\t\t<div class=\"elementor-widget-container\">\n\t\t\t\t\t<h2 class=\"elementor-heading-title elementor-size-default\">Dein Vision Board. Dein Motto. Deine innere Ausrichtung f\u00fcr das Jahr 2026.  <\/h2>\t\t\t\t<\/div>\n\t\t\t\t<\/div>\n\t\t\t\t<div class=\"elementor-element elementor-element-cacf9ef elementor-widget elementor-widget-image\" data-id=\"cacf9ef\" data-element_type=\"widget\" data-e-type=\"widget\" data-widget_type=\"image.default\">\n\t\t\t\t<div class=\"elementor-widget-container\">\n\t\t\t\t\t\t\t\t\t\t\t\t\t\t\t<img decoding=\"async\" src=\"https:\/\/innersync.de\/wp-content\/uploads\/2025\/12\/visionboard-2-1-scaled.jpg\" title=\"visionboard 2\" alt=\"visionboard 2\" loading=\"lazy\" \/>\t\t\t\t\t\t\t\t\t\t\t\t\t\t\t<\/div>\n\t\t\t\t<\/div>\n\t\t\t\t<section class=\"elementor-section elementor-inner-section elementor-element elementor-element-2959b25 elementor-section-boxed elementor-section-height-default elementor-section-height-default\" data-id=\"2959b25\" data-element_type=\"section\" data-e-type=\"section\">\n\t\t\t\t\t\t<div class=\"elementor-container elementor-column-gap-default\">\n\t\t\t\t\t<div class=\"elementor-column elementor-col-100 elementor-inner-column elementor-element elementor-element-a95076d\" data-id=\"a95076d\" data-element_type=\"column\" data-e-type=\"column\">\n\t\t\t<div class=\"elementor-widget-wrap elementor-element-populated\">\n\t\t\t\t\t\t<div class=\"elementor-element elementor-element-178b50d elementor-widget elementor-widget-text-editor\" data-id=\"178b50d\" data-element_type=\"widget\" data-e-type=\"widget\" data-widget_type=\"text-editor.default\">\n\t\t\t\t<div class=\"elementor-widget-container\">\n\t\t\t\t\t\t\t\t\t<div><p data-start=\"459\" data-end=\"629\">Wie m\u00f6chtest du dein Leben im Jahr 2026 erleben?<\/p><p data-start=\"459\" data-end=\"629\">Welche innere Haltung oder Ausrichtung soll dich im Alltag, in Entscheidungen und \u00dcberg\u00e4ngen begleiten?<\/p><p data-start=\"631\" data-end=\"772\">In diesem <strong>4-st\u00fcndigen Intensiv-Workshop<\/strong> entwickelst du deine pers\u00f6nliche Vision f\u00fcr 2026 &#8211; <strong data-start=\"719\" data-end=\"771\">klar und ganz praktisch relevant f\u00fcr dein t\u00e4gliches Leben<\/strong>.<\/p><p data-start=\"774\" data-end=\"1077\">Der Prozess ist bewusst als <strong data-start=\"816\" data-end=\"838\">Kleingruppenformat<\/strong> konzipiert und bietet Raum f\u00fcr pers\u00f6nliche Tiefe, gezielte F\u00f6rderung und individuelle Kl\u00e4rung.<\/p><p data-start=\"774\" data-end=\"1077\">Jeder Teilnehmer erh\u00e4lt Zeit und Raum, um seine eigene Vision mitzuteilen, dar\u00fcber nachzudenken und <strong data-start=\"1022\" data-end=\"1076\">sie in einer ruhigen, respektvollen Atmosph\u00e4re weiter zu verfeinern<\/strong>.<\/p><\/div><div><hr><h4>Wissenschaftliche Grundlagen<\/h4><p data-start=\"1111\" data-end=\"1291\">Der Workshop basiert auf <strong data-start=\"1137\" data-end=\"1217\">wissenschaftlich belegten Erkenntnissen<\/strong> aus der Neuro- und Motivationsforschung, u. a. zu Neuroplastizit\u00e4t, Aufmerksamkeit und mentaler Simulation.<\/p><p data-start=\"1293\" data-end=\"1580\">Neurowissenschaftliche Forschung zeigt, dass das Gehirn auch im Erwachsenenalter formbar ist und sich durch wiederholte innere Bilder, fokussierte Aufmerksamkeit und k\u00f6rperliche Erfahrung ver\u00e4ndert. Vision Boards wirken dabei nicht \u201emagisch\u201c, sondern indem sie Wahrnehmung, Motivation und Handlungsbereitschaft gezielt ausrichten. <\/p><p data-start=\"1582\" data-end=\"1797\">Durch <strong data-start=\"1590\" data-end=\"1604\">die k\u00f6rperliche Verankerung<\/strong> der inneren Ziele wird die Vision weiter stabilisiert. Der Workshop wendet diese Prinzipien bewusst auf eine <strong data-start=\"1738\" data-end=\"1765\">geerdete, realistische Weise<\/strong> an, ohne metaphysische Versprechungen.<\/p><p data-start=\"1582\" data-end=\"1797\"><span style=\"text-decoration: underline;\"><strong>Quellen &#8211; Auswahl: <\/strong><\/span>Dr. Tara Swart, Neurowissenschaftlerin, &#8222;Die Quelle&#8220;, James Doty, Neurochirurg, &#8222;Mind Magic&#8220;, Dr. Maja Storch et al, Z\u00fcricher Ressourcen Modell, Gabriele Oettingen, Motivationspsychologin, &#8222;Woop Methode&#8220;, Dr. Gunther Schmidt, klinischer Psychologe, Hypnosystemisches Coaching<\/p><\/div>\t\t\t\t\t\t\t\t<\/div>\n\t\t\t\t<\/div>\n\t\t\t\t<div class=\"elementor-element elementor-element-c7f147d elementor-widget elementor-widget-image\" data-id=\"c7f147d\" data-element_type=\"widget\" data-e-type=\"widget\" data-widget_type=\"image.default\">\n\t\t\t\t<div class=\"elementor-widget-container\">\n\t\t\t\t\t\t\t\t\t\t\t\t\t\t\t<img fetchpriority=\"high\" decoding=\"async\" width=\"580\" height=\"773\" src=\"https:\/\/innersync.de\/wp-content\/uploads\/2025\/12\/Visionboard-768x1024.jpg\" class=\"attachment-medium_large size-medium_large wp-image-18770\" alt=\"\" srcset=\"https:\/\/innersync.de\/wp-content\/uploads\/2025\/12\/Visionboard-768x1024.jpg 768w, https:\/\/innersync.de\/wp-content\/uploads\/2025\/12\/Visionboard-225x300.jpg 225w, https:\/\/innersync.de\/wp-content\/uploads\/2025\/12\/Visionboard-1152x1536.jpg 1152w, https:\/\/innersync.de\/wp-content\/uploads\/2025\/12\/Visionboard-1536x2048.jpg 1536w, https:\/\/innersync.de\/wp-content\/uploads\/2025\/12\/Visionboard-1200x1600.jpg 1200w, https:\/\/innersync.de\/wp-content\/uploads\/2025\/12\/Visionboard-1980x2640.jpg 1980w, https:\/\/innersync.de\/wp-content\/uploads\/2025\/12\/Visionboard-scaled.jpg 1920w\" sizes=\"(max-width: 580px) 100vw, 580px\" \/>\t\t\t\t\t\t\t\t\t\t\t\t\t\t\t<\/div>\n\t\t\t\t<\/div>\n\t\t\t\t<div class=\"elementor-element elementor-element-771cb6b elementor-widget elementor-widget-text-editor\" data-id=\"771cb6b\" data-element_type=\"widget\" data-e-type=\"widget\" data-widget_type=\"text-editor.default\">\n\t\t\t\t<div class=\"elementor-widget-container\">\n\t\t\t\t\t\t\t\t\t<div><h4 data-start=\"1804\" data-end=\"1834\">Worum es geht<\/h4><p data-start=\"1836\" data-end=\"2049\">Dieser Workshop ist keine klassische Ziel- oder To-do-Planung.<br data-start=\"1902\" data-end=\"1905\">Es geht nicht um \u201eh\u00f6her, schneller, weiter\u201c, sondern um <strong data-start=\"1958\" data-end=\"1979\">innere Ausrichtung <\/strong>und darum, wie du <strong data-start=\"1997\" data-end=\"2048\">deine Vision verk\u00f6rpern und im Alltag leben kannst.<\/strong><\/p><\/div><h4 data-start=\"2056\" data-end=\"2090\">Der Workshop-Prozess (kompakt)<\/h4><p data-start=\"2092\" data-end=\"2208\"><strong data-start=\"2092\" data-end=\"2108\">Vision Board:<\/strong><br data-start=\"2108\" data-end=\"2111\">Intuitive Bildauswahl aus Zeitschriften und Gestaltung deines Vision Boards f\u00fcr 2026.<\/p><p data-start=\"2210\" data-end=\"2313\"><strong data-start=\"2210\" data-end=\"2224\">Motto-Ziel:<\/strong><br data-start=\"2224\" data-end=\"2227\">Entwicklung eines kurzen, positiven Leitmotivs, das deine innere Ausrichtung beschreibt.<\/p><p data-start=\"2315\" data-end=\"2415\"><strong data-start=\"2315\" data-end=\"2329\">Embodiment<\/strong><br data-start=\"2329\" data-end=\"2332\">Verk\u00f6rperung Deiner Vision durch Haltung, Bewegung und K\u00f6rperwahrnehmung. <\/p><p data-start=\"2417\" data-end=\"2541\"><strong data-start=\"2417\" data-end=\"2438\">Alltagstransfer:<\/strong><br data-start=\"2438\" data-end=\"2441\">Kleine, realistische Ankn\u00fcpfungspunkte, um deine Vision im Alltag zu leben \u2013 ohne Druck.<\/p><hr data-start=\"2543\" data-end=\"2546\"><h4 data-start=\"2548\" data-end=\"2578\">Was du mitnimmst<\/h4><ul data-start=\"2579\" data-end=\"2855\"><li data-start=\"2579\" data-end=\"2627\"><p data-start=\"2581\" data-end=\"2627\">Eine klare innere Ausrichtung f\u00fcr dein Jahr 2026<\/p><\/li><li data-start=\"2628\" data-end=\"2696\"><p data-start=\"2630\" data-end=\"2696\">Ein visueller Anker, der dich im Alltag an deine Vision erinnert<\/p><\/li><li data-start=\"2697\" data-end=\"2747\"><p data-start=\"2699\" data-end=\"2747\">Ein pers\u00f6nliches Leitmotiv, das dir Orientierung gibt<\/p><\/li><li data-start=\"2748\" data-end=\"2800\"><p data-start=\"2750\" data-end=\"2800\">Eine k\u00f6rperlich verankerte Haltung, auf die du zur\u00fcckgreifen kannst<\/p><\/li><li data-start=\"2801\" data-end=\"2855\"><p data-start=\"2803\" data-end=\"2855\">Konkrete Impulse, um deine Vision Schritt f\u00fcr Schritt zu leben<\/p><\/li><\/ul><hr data-start=\"2857\" data-end=\"2860\"><h4 data-start=\"2862\" data-end=\"2890\">F\u00fcr wen ist der Workshop geeignet?<\/h4><p data-start=\"2891\" data-end=\"3017\">F\u00fcr <strong data-start=\"2914\" data-end=\"2948\">Menschen, die ihre Zukunft bewusst gestalten m\u00f6chten<\/strong> und Klarheit \u00fcber ihre Ausrichtung und Orientierung suchen.<\/p><hr data-start=\"3019\" data-end=\"3022\"><h4 data-start=\"3024\" data-end=\"3048\">Rahmen &amp; Organisation<\/h4><ul data-start=\"3049\" data-end=\"3146\"><li data-start=\"3049\" data-end=\"3074\"><p data-start=\"3051\" data-end=\"3074\"><strong data-start=\"3051\" data-end=\"3064\">Dauer:<\/strong> 4 Stunden<\/p><\/li><li data-start=\"3075\" data-end=\"3111\"><strong data-start=\"3114\" data-end=\"3125\">Format<\/strong>: Pr\u00e4senzworkshop<\/li><\/ul><h4>Anmeldung<\/h4><p data-start=\"3324\" data-end=\"3362\"><strong data-start=\"3324\" data-end=\"3340\">Leitung: Dr. Stefanie Becker<\/strong><\/p><p data-start=\"3364\" data-end=\"3474\"><img decoding=\"async\" class=\"emoji\" role=\"img\" draggable=\"false\" src=\"https:\/\/s.w.org\/images\/core\/emoji\/17.0.2\/svg\/1f4c5.svg\" alt=\"\ud83d\udcc5\"> Freitag, 30. Januar 2026<br data-start=\"3393\" data-end=\"3396\"><img decoding=\"async\" class=\"emoji\" role=\"img\" draggable=\"false\" src=\"https:\/\/s.w.org\/images\/core\/emoji\/17.0.2\/svg\/1f4cd.svg\" alt=\"\ud83d\udccd\"> Praxis Impuls, Bergerstra\u00dfe 265<br data-start=\"3430\" data-end=\"3433\"><img decoding=\"async\" class=\"emoji\" role=\"img\" draggable=\"false\" src=\"https:\/\/s.w.org\/images\/core\/emoji\/17.0.2\/svg\/23f0.svg\" alt=\"\u23f0\"> 18:00 &#8211; 22:00 Uhr<br data-start=\"3457\" data-end=\"3460\"><img decoding=\"async\" class=\"emoji\" role=\"img\" draggable=\"false\" src=\"https:\/\/s.w.org\/images\/core\/emoji\/17.0.2\/svg\/1f4b6.svg\" alt=\"\ud83d\udcb6\"> Geb\u00fchr: \u20ac 80<\/p><p data-start=\"3476\" data-end=\"3514\"><img decoding=\"async\" class=\"emoji\" role=\"img\" draggable=\"false\" src=\"https:\/\/s.w.org\/images\/core\/emoji\/17.0.2\/svg\/1f449.svg\" alt=\"\ud83d\udc49\"> <strong data-start=\"3479\" data-end=\"3496\">Registration: info@innersync.de<\/strong> or <strong>Whatsapp under 0172 8361961<\/strong><\/p>\t\t\t\t\t\t\t\t<\/div>\n\t\t\t\t<\/div>\n\t\t\t\t\t<\/div>\n\t\t<\/div>\n\t\t\t\t\t<\/div>\n\t\t<\/section>\n\t\t\t\t<div class=\"elementor-element elementor-element-cfc1b21 elementor-arrows-position-inside elementor-pagination-position-outside elementor-widget elementor-widget-image-carousel\" data-id=\"cfc1b21\" data-element_type=\"widget\" data-e-type=\"widget\" data-settings=\"{&quot;slides_to_show&quot;:&quot;4&quot;,&quot;navigation&quot;:&quot;both&quot;,&quot;autoplay&quot;:&quot;yes&quot;,&quot;pause_on_hover&quot;:&quot;yes&quot;,&quot;pause_on_interaction&quot;:&quot;yes&quot;,&quot;autoplay_speed&quot;:5000,&quot;infinite&quot;:&quot;yes&quot;,&quot;speed&quot;:500}\" data-widget_type=\"image-carousel.default\">\n\t\t\t\t<div class=\"elementor-widget-container\">\n\t\t\t\t\t\t\t<div class=\"elementor-image-carousel-wrapper swiper\" role=\"region\" aria-roledescription=\"carousel\" aria-label=\"Image Carousel\" dir=\"ltr\">\n\t\t\t<div class=\"elementor-image-carousel swiper-wrapper\" aria-live=\"off\">\n\t\t\t\t\t\t\t\t<div class=\"swiper-slide\" role=\"group\" aria-roledescription=\"slide\" aria-label=\"1 of 4\"><figure class=\"swiper-slide-inner\"><img decoding=\"async\" class=\"swiper-slide-image\" src=\"https:\/\/innersync.de\/wp-content\/uploads\/2025\/12\/PHOTO-2025-12-28-16-37-06-1-768x576.jpg\" alt=\"PHOTO-2025-12-28-16-37-06\" \/><\/figure><\/div><div class=\"swiper-slide\" role=\"group\" aria-roledescription=\"slide\" aria-label=\"2 of 4\"><figure class=\"swiper-slide-inner\"><img decoding=\"async\" class=\"swiper-slide-image\" src=\"https:\/\/innersync.de\/wp-content\/uploads\/2025\/12\/PHOTO-2025-12-28-16-37-14-1-768x576.jpg\" alt=\"PHOTO-2025-12-28-16-37-14\" \/><\/figure><\/div><div class=\"swiper-slide\" role=\"group\" aria-roledescription=\"slide\" aria-label=\"3 of 4\"><figure class=\"swiper-slide-inner\"><img decoding=\"async\" class=\"swiper-slide-image\" src=\"https:\/\/innersync.de\/wp-content\/uploads\/2025\/12\/PHOTO-2025-12-28-17-24-50-1-768x576.jpg\" alt=\"PHOTO-2025-12-28-17-24-50\" \/><\/figure><\/div><div class=\"swiper-slide\" role=\"group\" aria-roledescription=\"slide\" aria-label=\"4 of 4\"><figure class=\"swiper-slide-inner\"><img decoding=\"async\" class=\"swiper-slide-image\" src=\"https:\/\/innersync.de\/wp-content\/uploads\/2025\/12\/PHOTO-2025-12-29-10-13-12-1-768x576.jpg\" alt=\"PHOTO-2025-12-29-10-13-12\" \/><\/figure><\/div>\t\t\t<\/div>\n\t\t\t\t\t\t\t\t\t\t\t\t<div class=\"elementor-swiper-button elementor-swiper-button-prev\" role=\"button\" tabindex=\"0\">\n\t\t\t\t\t\t<i aria-hidden=\"true\" class=\"eicon-chevron-left\"><\/i>\t\t\t\t\t<\/div>\n\t\t\t\t\t<div class=\"elementor-swiper-button elementor-swiper-button-next\" role=\"button\" tabindex=\"0\">\n\t\t\t\t\t\t<i aria-hidden=\"true\" class=\"eicon-chevron-right\"><\/i>\t\t\t\t\t<\/div>\n\t\t\t\t\n\t\t\t\t\t\t\t\t\t<div class=\"swiper-pagination\"><\/div>\n\t\t\t\t\t\t\t\t\t<\/div>\n\t\t\t\t\t\t<\/div>\n\t\t\t\t<\/div>\n\t\t\t\t<div class=\"elementor-element elementor-element-0528330 elementor-widget elementor-widget-image\" data-id=\"0528330\" data-element_type=\"widget\" data-e-type=\"widget\" data-widget_type=\"image.default\">\n\t\t\t\t<div class=\"elementor-widget-container\">\n\t\t\t\t\t\t\t\t\t\t\t\t\t\t\t<img decoding=\"async\" width=\"580\" height=\"773\" src=\"https:\/\/innersync.de\/wp-content\/uploads\/2025\/12\/Visionboard-4-768x1024.jpg\" class=\"attachment-medium_large size-medium_large wp-image-18775\" alt=\"\" srcset=\"https:\/\/innersync.de\/wp-content\/uploads\/2025\/12\/Visionboard-4-768x1024.jpg 768w, https:\/\/innersync.de\/wp-content\/uploads\/2025\/12\/Visionboard-4-225x300.jpg 225w, https:\/\/innersync.de\/wp-content\/uploads\/2025\/12\/Visionboard-4-1152x1536.jpg 1152w, https:\/\/innersync.de\/wp-content\/uploads\/2025\/12\/Visionboard-4-1536x2048.jpg 1536w, https:\/\/innersync.de\/wp-content\/uploads\/2025\/12\/Visionboard-4-1200x1600.jpg 1200w, https:\/\/innersync.de\/wp-content\/uploads\/2025\/12\/Visionboard-4-1980x2640.jpg 1980w, https:\/\/innersync.de\/wp-content\/uploads\/2025\/12\/Visionboard-4-scaled.jpg 1920w\" sizes=\"(max-width: 580px) 100vw, 580px\" \/>\t\t\t\t\t\t\t\t\t\t\t\t\t\t\t<\/div>\n\t\t\t\t<\/div>\n\t\t\t\t\t<\/div>\n\t\t<\/div>\n\t\t\t\t\t<\/div>\n\t\t<\/section>\n\t\t\t\t<section class=\"elementor-section elementor-top-section elementor-element elementor-element-abf6654 elementor-section-content-middle elementor-section-stretched elementor-section-height-min-height elementor-section-items-stretch elementor-section-boxed elementor-section-height-default\" data-id=\"abf6654\" data-element_type=\"section\" data-e-type=\"section\" data-settings=\"{&quot;background_background&quot;:&quot;classic&quot;,&quot;stretch_section&quot;:&quot;section-stretched&quot;,&quot;shape_divider_top&quot;:&quot;waves&quot;}\">\n\t\t\t\t\t\t\t<div class=\"elementor-background-overlay\"><\/div>\n\t\t\t\t\t\t<div class=\"elementor-shape elementor-shape-top\" aria-hidden=\"true\" data-negative=\"false\">\n\t\t\t<svg xmlns=\"http:\/\/www.w3.org\/2000\/svg\" viewBox=\"0 0 1000 100\" preserveAspectRatio=\"none\">\n\t<path class=\"elementor-shape-fill\" d=\"M421.9,6.5c22.6-2.5,51.5,0.4,75.5,5.3c23.6,4.9,70.9,23.5,100.5,35.7c75.8,32.2,133.7,44.5,192.6,49.7\n\tc23.6,2.1,48.7,3.5,103.4-2.5c54.7-6,106.2-25.6,106.2-25.6V0H0v30.3c0,0,72,32.6,158.4,30.5c39.2-0.7,92.8-6.7,134-22.4\n\tc21.2-8.1,52.2-18.2,79.7-24.2C399.3,7.9,411.6,7.5,421.9,6.5z\"\/>\n<\/svg>\t\t<\/div>\n\t\t\t\t\t<div class=\"elementor-container elementor-column-gap-default\">\n\t\t\t\t\t<div class=\"elementor-column elementor-col-100 elementor-top-column elementor-element elementor-element-4283d23\" data-id=\"4283d23\" data-element_type=\"column\" data-e-type=\"column\">\n\t\t\t<div class=\"elementor-widget-wrap\">\n\t\t\t\t\t\t\t<\/div>\n\t\t<\/div>\n\t\t\t\t\t<\/div>\n\t\t<\/section>\n\t\t\t\t<\/div>\n\t\t","protected":false},"excerpt":{"rendered":"<p>Vision Workshop 2026 Freitag, 30. Januar 2026 18:00 &#8211; 22:00 Uhr Praxis Impuls, Bergerstra\u00dfe 265, Frankfurt Bornheim Mitte Geb\u00fchr: \u20ac80 Vision 2026 Dein Vision Board. Dein Motto. Deine innere Ausrichtung f\u00fcr das Jahr 2026. Wie m\u00f6chtest du dein Leben im Jahr 2026 erleben? Welche innere Haltung oder Ausrichtung soll dich im Alltag, in Entscheidungen und [&hellip;]<\/p>\n","protected":false},"author":1,"featured_media":0,"parent":0,"menu_order":0,"comment_status":"closed","ping_status":"closed","template":"elementor_header_footer","meta":{"_monsterinsights_skip_tracking":false,"_monsterinsights_sitenote_active":false,"_monsterinsights_sitenote_note":"","_monsterinsights_sitenote_category":0,"footnotes":""},"wf_page_folders":[14],"class_list":["post-18944","page","type-page","status-publish","hentry"],"aioseo_notices":[],"_links":{"self":[{"href":"https:\/\/innersync.de\/de\/wp-json\/wp\/v2\/pages\/18944","targetHints":{"allow":["GET"]}}],"collection":[{"href":"https:\/\/innersync.de\/de\/wp-json\/wp\/v2\/pages"}],"about":[{"href":"https:\/\/innersync.de\/de\/wp-json\/wp\/v2\/types\/page"}],"author":[{"embeddable":true,"href":"https:\/\/innersync.de\/de\/wp-json\/wp\/v2\/users\/1"}],"replies":[{"embeddable":true,"href":"https:\/\/innersync.de\/de\/wp-json\/wp\/v2\/comments?post=18944"}],"version-history":[{"count":16,"href":"https:\/\/innersync.de\/de\/wp-json\/wp\/v2\/pages\/18944\/revisions"}],"predecessor-version":[{"id":19064,"href":"https:\/\/innersync.de\/de\/wp-json\/wp\/v2\/pages\/18944\/revisions\/19064"}],"wp:attachment":[{"href":"https:\/\/innersync.de\/de\/wp-json\/wp\/v2\/media?parent=18944"}],"wp:term":[{"taxonomy":"wf_page_folders","embeddable":true,"href":"https:\/\/innersync.de\/de\/wp-json\/wp\/v2\/wf_page_folders?post=18944"}],"curies":[{"name":"wp","href":"https:\/\/api.w.org\/{rel}","templated":true}]}}