{"id":18441,"date":"2022-02-10T14:30:00","date_gmt":"2022-02-10T14:30:00","guid":{"rendered":"https:\/\/innersync.de\/lego-serious-play\/"},"modified":"2025-05-16T11:57:31","modified_gmt":"2025-05-16T11:57:31","slug":"lego-serious-play","status":"publish","type":"page","link":"https:\/\/innersync.de\/de\/lego-serious-play\/","title":{"rendered":"Lego Serious Play"},"content":{"rendered":"\t\t<div data-elementor-type=\"wp-page\" data-elementor-id=\"18441\" class=\"elementor elementor-18441 elementor-18395\" data-elementor-post-type=\"page\">\n\t\t\t\t\t\t<section class=\"elementor-section elementor-top-section elementor-element elementor-element-12717a87 elementor-section-content-top elementor-section-height-min-height elementor-section-items-stretch elementor-section-boxed elementor-section-height-default\" data-id=\"12717a87\" data-element_type=\"section\" data-e-type=\"section\" data-settings=\"{&quot;background_background&quot;:&quot;classic&quot;}\">\n\t\t\t\t\t\t\t<div class=\"elementor-background-overlay\"><\/div>\n\t\t\t\t\t\t\t<div class=\"elementor-container elementor-column-gap-default\">\n\t\t\t\t\t<div class=\"elementor-column elementor-col-100 elementor-top-column elementor-element elementor-element-2dfdbf2b\" data-id=\"2dfdbf2b\" data-element_type=\"column\" data-e-type=\"column\">\n\t\t\t<div class=\"elementor-widget-wrap elementor-element-populated\">\n\t\t\t\t\t\t<div class=\"elementor-element elementor-element-5871e29e animated-slow elementor-invisible elementor-widget elementor-widget-heading\" data-id=\"5871e29e\" data-element_type=\"widget\" data-e-type=\"widget\" data-settings=\"{&quot;_animation&quot;:&quot;fadeIn&quot;,&quot;_animation_delay&quot;:600}\" data-widget_type=\"heading.default\">\n\t\t\t\t<div class=\"elementor-widget-container\">\n\t\t\t\t\t<h1 class=\"elementor-heading-title elementor-size-default\">LEGO ERNST SPIELEN<\/h1>\t\t\t\t<\/div>\n\t\t\t\t<\/div>\n\t\t\t\t<div class=\"elementor-element elementor-element-56fd569 animated-slow elementor-invisible elementor-widget elementor-widget-heading\" data-id=\"56fd569\" data-element_type=\"widget\" data-e-type=\"widget\" data-settings=\"{&quot;_animation&quot;:&quot;fadeIn&quot;,&quot;_animation_delay&quot;:600}\" data-widget_type=\"heading.default\">\n\t\t\t\t<div class=\"elementor-widget-container\">\n\t\t\t\t\t<h1 class=\"elementor-heading-title elementor-size-default\">Denken Sie mit Ihren H\u00e4nden<\/h1>\t\t\t\t<\/div>\n\t\t\t\t<\/div>\n\t\t\t\t\t<\/div>\n\t\t<\/div>\n\t\t\t\t\t<\/div>\n\t\t<\/section>\n\t\t\t\t<section class=\"elementor-section elementor-top-section elementor-element elementor-element-6b686dd elementor-section-height-min-height elementor-section-boxed elementor-section-height-default elementor-section-items-middle\" data-id=\"6b686dd\" data-element_type=\"section\" data-e-type=\"section\" data-settings=\"{&quot;background_background&quot;:&quot;classic&quot;}\">\n\t\t\t\t\t\t\t<div class=\"elementor-background-overlay\"><\/div>\n\t\t\t\t\t\t\t<div class=\"elementor-container elementor-column-gap-default\">\n\t\t\t\t\t<div class=\"elementor-column elementor-col-100 elementor-top-column elementor-element elementor-element-f92d1d2\" data-id=\"f92d1d2\" data-element_type=\"column\" data-e-type=\"column\" data-settings=\"{&quot;background_background&quot;:&quot;classic&quot;}\">\n\t\t\t<div class=\"elementor-widget-wrap elementor-element-populated\">\n\t\t\t\t\t<div class=\"elementor-background-overlay\"><\/div>\n\t\t\t\t\t\t<div class=\"elementor-element elementor-element-2329dee elementor-widget elementor-widget-text-editor\" data-id=\"2329dee\" data-element_type=\"widget\" data-e-type=\"widget\" data-widget_type=\"text-editor.default\">\n\t\t\t\t<div class=\"elementor-widget-container\">\n\t\t\t\t\t\t\t\t\t<p> <\/p><p><strong>Entfesseln Sie kollektive Weisheit mit LEGO\u00ae SERIOUS PLAY\u00ae<\/strong><br>Bei in(ner)sync nutzen wir LEGO\u00ae SERIOUS PLAY\u00ae, um Teams und Menschen zu helfen, mit ihren H\u00e4nden zu denken, sich auf einer tieferen Ebene zu verbinden und gemeinsam sinnvolle L\u00f6sungen zu schaffen. Unsere Workshops f\u00f6rdern Kreativit\u00e4t, Klarheit und Zusammenarbeit und machen komplexe Themen sichtbar und greifbar. Ganz gleich, ob es um die Bew\u00e4ltigung von Ver\u00e4nderungen, den Aufbau von Vertrauen oder die Gestaltung Ihrer Strategie geht, wir unterst\u00fctzen Ihr Team dabei, von innen heraus stimmige und authentische Antworten zu finden.  <\/p><hr>\t\t\t\t\t\t\t\t<\/div>\n\t\t\t\t<\/div>\n\t\t\t\t<section class=\"elementor-section elementor-inner-section elementor-element elementor-element-c6cf05f elementor-section-boxed elementor-section-height-default elementor-section-height-default\" data-id=\"c6cf05f\" data-element_type=\"section\" data-e-type=\"section\">\n\t\t\t\t\t\t\t<div class=\"elementor-background-overlay\"><\/div>\n\t\t\t\t\t\t\t<div class=\"elementor-container elementor-column-gap-default\">\n\t\t\t\t\t<div class=\"elementor-column elementor-col-100 elementor-inner-column elementor-element elementor-element-44ab72d\" data-id=\"44ab72d\" data-element_type=\"column\" data-e-type=\"column\">\n\t\t\t<div class=\"elementor-widget-wrap elementor-element-populated\">\n\t\t\t\t\t\t<div class=\"elementor-element elementor-element-dbbd034 elementor-widget elementor-widget-image\" data-id=\"dbbd034\" data-element_type=\"widget\" data-e-type=\"widget\" data-widget_type=\"image.default\">\n\t\t\t\t<div class=\"elementor-widget-container\">\n\t\t\t\t\t\t\t\t\t\t\t\t\t\t\t<img fetchpriority=\"high\" decoding=\"async\" width=\"1536\" height=\"1152\" src=\"https:\/\/innersync.de\/wp-content\/uploads\/2025\/05\/Foto-11-03-2025-15-27-12-1536x1152.jpg\" class=\"attachment-1536x1536 size-1536x1536 wp-image-18418\" alt=\"\" srcset=\"https:\/\/innersync.de\/wp-content\/uploads\/2025\/05\/Foto-11-03-2025-15-27-12-1536x1152.jpg 1536w, https:\/\/innersync.de\/wp-content\/uploads\/2025\/05\/Foto-11-03-2025-15-27-12-300x225.jpg 300w, https:\/\/innersync.de\/wp-content\/uploads\/2025\/05\/Foto-11-03-2025-15-27-12-1024x768.jpg 1024w, https:\/\/innersync.de\/wp-content\/uploads\/2025\/05\/Foto-11-03-2025-15-27-12-768x576.jpg 768w, https:\/\/innersync.de\/wp-content\/uploads\/2025\/05\/Foto-11-03-2025-15-27-12-2048x1536.jpg 2048w, https:\/\/innersync.de\/wp-content\/uploads\/2025\/05\/Foto-11-03-2025-15-27-12-1200x900.jpg 1200w, https:\/\/innersync.de\/wp-content\/uploads\/2025\/05\/Foto-11-03-2025-15-27-12-1980x1485.jpg 1980w\" sizes=\"(max-width: 1536px) 100vw, 1536px\" \/>\t\t\t\t\t\t\t\t\t\t\t\t\t\t\t<\/div>\n\t\t\t\t<\/div>\n\t\t\t\t<div class=\"elementor-element elementor-element-1516991 elementor-widget elementor-widget-heading\" data-id=\"1516991\" data-element_type=\"widget\" data-e-type=\"widget\" data-widget_type=\"heading.default\">\n\t\t\t\t<div class=\"elementor-widget-container\">\n\t\t\t\t\t<h3 class=\"elementor-heading-title elementor-size-default\">  Was ist LEGO\u00ae SERIOUS PLAY\u00ae?\n<\/h3>\t\t\t\t<\/div>\n\t\t\t\t<\/div>\n\t\t\t\t<div class=\"elementor-element elementor-element-2323845 elementor-widget elementor-widget-text-editor\" data-id=\"2323845\" data-element_type=\"widget\" data-e-type=\"widget\" data-widget_type=\"text-editor.default\">\n\t\t\t\t<div class=\"elementor-widget-container\">\n\t\t\t\t\t\t\t\t\t<p>LEGO\u00ae SERIOUS PLAY\u00ae (LSP) ist eine von der LEGO Gruppe entwickelte Methode f\u00fcr komplexe Probleme und ihre L\u00f6sungen. Sie erm\u00f6glicht es Einzelpersonen und Teams, Ideen auszudr\u00fccken, komplexe Probleme zu erforschen und ein gemeinsames Verst\u00e4ndnis durch den Bau von 3D-LEGO-Modellen zu entwickeln. Dieser praktische Ansatz spricht die kognitiven, emotionalen und physischen F\u00e4higkeiten der Teilnehmer an und f\u00f6rdert so tiefere Einsichten und sinnvollere Gespr\u00e4che.   <\/p><hr>\t\t\t\t\t\t\t\t<\/div>\n\t\t\t\t<\/div>\n\t\t\t\t<div class=\"elementor-element elementor-element-41522a3 elementor-widget elementor-widget-heading\" data-id=\"41522a3\" data-element_type=\"widget\" data-e-type=\"widget\" data-widget_type=\"heading.default\">\n\t\t\t\t<div class=\"elementor-widget-container\">\n\t\t\t\t\t<h3 class=\"elementor-heading-title elementor-size-default\">Wie LSP die Entwicklung von Teams und Organisationen unterst\u00fctzt\n<\/h3>\t\t\t\t<\/div>\n\t\t\t\t<\/div>\n\t\t\t\t<div class=\"elementor-element elementor-element-a9219fa elementor-widget elementor-widget-text-editor\" data-id=\"a9219fa\" data-element_type=\"widget\" data-e-type=\"widget\" data-widget_type=\"text-editor.default\">\n\t\t\t\t<div class=\"elementor-widget-container\">\n\t\t\t\t\t\t\t\t\t<h4>1. <strong>Verbesserung der Kommunikation und Zusammenarbeit<\/strong><\/h4><p>LSP bietet einen strukturierten und dennoch flexiblen Rahmen, der den offenen Dialog und das gemeinsame L\u00f6sen von Problemen f\u00f6rdert. Durch die Erstellung und den Austausch von Modellen k\u00f6nnen die Teammitglieder abstrakte Konzepte artikulieren und sich auf gemeinsame Ziele ausrichten, was zu einer besseren Zusammenarbeit und einem besseren gegenseitigen Verst\u00e4ndnis f\u00fchrt.   <strong>c Planung und Innovation<\/strong><\/p><p>Die Methodik hilft bei der Visualisierung komplexer Szenarien, dem Testen von Annahmen und der Erkundung zuk\u00fcnftiger M\u00f6glichkeiten. Das macht sie besonders effektiv f\u00fcr die strategische Planung, die Szenarioanalyse und die F\u00f6rderung einer Innovationskultur in Organisationen.   <\/p><h4 data-start=\"566\" data-end=\"623\">2. <strong data-start=\"573\" data-end=\"623\">Erleichterung der strategischen Planung und Innovation<\/strong><\/h4><p data-start=\"625\" data-end=\"783\"><span class=\"relative -mx-px my-[-0.2rem] rounded px-px py-[0.2rem] transition-colors duration-100 ease-in-out\">Die Methodik hilft dabei, komplexe Szenarien zu visualisieren, Annahmen zu testen und zuk\u00fcnftige M\u00f6glichkeiten zu erkunden.<\/span> <span class=\"relative -mx-px my-[-0.2rem] rounded px-px py-[0.2rem] transition-colors duration-100 ease-in-out\">Das macht es besonders effektiv f\u00fcr die strategische Planung, die Szenarioanalyse und die F\u00f6rderung einer Innovationskultur in Organisationen.<\/span><\/p><h4>3. <strong>Vertrauen und psychologische Sicherheit aufbauen<\/strong><\/h4><p>LSP schafft einen sicheren Raum, in dem alle Teilnehmer ermutigt werden, ihren Beitrag zu leisten, unabh\u00e4ngig von ihrer Position oder Pers\u00f6nlichkeit. Diese Inklusivit\u00e4t tr\u00e4gt dazu bei, Vertrauen und psychologische Sicherheit zu schaffen, wesentliche Elemente f\u00fcr leistungsstarke Teams.   <\/p><h4>4. <strong>F\u00f6rderung der pers\u00f6nlichen Entwicklung und der F\u00fchrungsqualit\u00e4ten<\/strong><\/h4><p>Im Coaching-Kontext erm\u00f6glicht LSP den Menschen, Gedanken und Emotionen zu externalisieren, was zu tiefgreifenden Einsichten und Selbstreflexion f\u00fchrt. Dieser Ansatz ist f\u00fcr die Entwicklung von F\u00fchrungskr\u00e4ften, Karriere-Coaching und pers\u00f6nliches Wachstum von Vorteil.   <\/p><h4>5. <strong>Organisatorischen Wandel und Transformation vorantreiben<\/strong><\/h4><p>LSP ist eiine hilfreiche Methodik, um den organisatorischen Wandel zu steuern, Teams auf eine gemeinsame Vision auszurichten und eine Kultur zu f\u00f6rdern, die den Wandel begr\u00fc\u00dft. Der iterative Prozess unterst\u00fctzt die kontinuierliche Verbesserung und Anpassungsf\u00e4higkeit. <\/p><h4>Fazit<\/h4><p>LEGO\u00ae SERIOUS PLAY\u00ae ist mehr als nur eine kreative \u00dcbung; es ist eine transformative Methode, die die Kommunikation verbessert, die Innovation f\u00f6rdert und die Teamdynamik st\u00e4rkt. Ganz gleich, ob Sie eine Strategie entwickeln, Konflikte l\u00f6sen oder pers\u00f6nliches Wachstum f\u00f6rdern wollen, LSP bietet einen einzigartigen und effektiven Ansatz, um Ihre Ziele zu erreichen. <\/p><hr>\t\t\t\t\t\t\t\t<\/div>\n\t\t\t\t<\/div>\n\t\t\t\t<div class=\"elementor-element elementor-element-a7fbf94 elementor-widget elementor-widget-image\" data-id=\"a7fbf94\" data-element_type=\"widget\" data-e-type=\"widget\" data-widget_type=\"image.default\">\n\t\t\t\t<div class=\"elementor-widget-container\">\n\t\t\t\t\t\t\t\t\t\t\t\t\t\t\t<img decoding=\"async\" width=\"580\" height=\"435\" src=\"https:\/\/innersync.de\/wp-content\/uploads\/2025\/05\/Foto-12-03-2025-11-41-44-1024x768.jpg\" class=\"attachment-large size-large wp-image-18486\" alt=\"\" srcset=\"https:\/\/innersync.de\/wp-content\/uploads\/2025\/05\/Foto-12-03-2025-11-41-44-1024x768.jpg 1024w, https:\/\/innersync.de\/wp-content\/uploads\/2025\/05\/Foto-12-03-2025-11-41-44-300x225.jpg 300w, https:\/\/innersync.de\/wp-content\/uploads\/2025\/05\/Foto-12-03-2025-11-41-44-768x576.jpg 768w, https:\/\/innersync.de\/wp-content\/uploads\/2025\/05\/Foto-12-03-2025-11-41-44-1536x1152.jpg 1536w, https:\/\/innersync.de\/wp-content\/uploads\/2025\/05\/Foto-12-03-2025-11-41-44-2048x1536.jpg 2048w, https:\/\/innersync.de\/wp-content\/uploads\/2025\/05\/Foto-12-03-2025-11-41-44-1200x900.jpg 1200w, https:\/\/innersync.de\/wp-content\/uploads\/2025\/05\/Foto-12-03-2025-11-41-44-1980x1485.jpg 1980w\" sizes=\"(max-width: 580px) 100vw, 580px\" \/>\t\t\t\t\t\t\t\t\t\t\t\t\t\t\t<\/div>\n\t\t\t\t<\/div>\n\t\t\t\t\t<\/div>\n\t\t<\/div>\n\t\t\t\t\t<\/div>\n\t\t<\/section>\n\t\t\t\t\t<\/div>\n\t\t<\/div>\n\t\t\t\t\t<\/div>\n\t\t<\/section>\n\t\t\t\t<section class=\"elementor-section elementor-top-section elementor-element elementor-element-33d217e9 elementor-section-content-middle elementor-section-stretched elementor-section-height-min-height elementor-section-items-stretch elementor-section-boxed elementor-section-height-default\" data-id=\"33d217e9\" data-element_type=\"section\" data-e-type=\"section\" data-settings=\"{&quot;background_background&quot;:&quot;classic&quot;,&quot;stretch_section&quot;:&quot;section-stretched&quot;,&quot;shape_divider_top&quot;:&quot;waves&quot;}\">\n\t\t\t\t\t\t\t<div class=\"elementor-background-overlay\"><\/div>\n\t\t\t\t\t\t<div class=\"elementor-shape elementor-shape-top\" aria-hidden=\"true\" data-negative=\"false\">\n\t\t\t<svg xmlns=\"http:\/\/www.w3.org\/2000\/svg\" viewBox=\"0 0 1000 100\" preserveAspectRatio=\"none\">\n\t<path class=\"elementor-shape-fill\" d=\"M421.9,6.5c22.6-2.5,51.5,0.4,75.5,5.3c23.6,4.9,70.9,23.5,100.5,35.7c75.8,32.2,133.7,44.5,192.6,49.7\n\tc23.6,2.1,48.7,3.5,103.4-2.5c54.7-6,106.2-25.6,106.2-25.6V0H0v30.3c0,0,72,32.6,158.4,30.5c39.2-0.7,92.8-6.7,134-22.4\n\tc21.2-8.1,52.2-18.2,79.7-24.2C399.3,7.9,411.6,7.5,421.9,6.5z\"\/>\n<\/svg>\t\t<\/div>\n\t\t\t\t\t<div class=\"elementor-container elementor-column-gap-default\">\n\t\t\t\t\t<div class=\"elementor-column elementor-col-100 elementor-top-column elementor-element elementor-element-f2c3fef\" data-id=\"f2c3fef\" data-element_type=\"column\" data-e-type=\"column\">\n\t\t\t<div class=\"elementor-widget-wrap\">\n\t\t\t\t\t\t\t<\/div>\n\t\t<\/div>\n\t\t\t\t\t<\/div>\n\t\t<\/section>\n\t\t\t\t<\/div>\n\t\t","protected":false},"excerpt":{"rendered":"<p>LEGO ERNST SPIELEN Denken Sie mit Ihren H\u00e4nden Entfesseln Sie kollektive Weisheit mit LEGO\u00ae SERIOUS PLAY\u00aeBei in(ner)sync nutzen wir LEGO\u00ae SERIOUS PLAY\u00ae, um Teams und Menschen zu helfen, mit ihren H\u00e4nden zu denken, sich auf einer tieferen Ebene zu verbinden und gemeinsam sinnvolle L\u00f6sungen zu schaffen. Unsere Workshops f\u00f6rdern Kreativit\u00e4t, Klarheit und Zusammenarbeit und machen [&hellip;]<\/p>\n","protected":false},"author":1,"featured_media":0,"parent":0,"menu_order":0,"comment_status":"closed","ping_status":"closed","template":"elementor_header_footer","meta":{"_monsterinsights_skip_tracking":false,"_monsterinsights_sitenote_active":false,"_monsterinsights_sitenote_note":"","_monsterinsights_sitenote_category":0,"footnotes":""},"wf_page_folders":[14],"class_list":["post-18441","page","type-page","status-publish","hentry"],"aioseo_notices":[],"_links":{"self":[{"href":"https:\/\/innersync.de\/de\/wp-json\/wp\/v2\/pages\/18441","targetHints":{"allow":["GET"]}}],"collection":[{"href":"https:\/\/innersync.de\/de\/wp-json\/wp\/v2\/pages"}],"about":[{"href":"https:\/\/innersync.de\/de\/wp-json\/wp\/v2\/types\/page"}],"author":[{"embeddable":true,"href":"https:\/\/innersync.de\/de\/wp-json\/wp\/v2\/users\/1"}],"replies":[{"embeddable":true,"href":"https:\/\/innersync.de\/de\/wp-json\/wp\/v2\/comments?post=18441"}],"version-history":[{"count":2,"href":"https:\/\/innersync.de\/de\/wp-json\/wp\/v2\/pages\/18441\/revisions"}],"predecessor-version":[{"id":18491,"href":"https:\/\/innersync.de\/de\/wp-json\/wp\/v2\/pages\/18441\/revisions\/18491"}],"wp:attachment":[{"href":"https:\/\/innersync.de\/de\/wp-json\/wp\/v2\/media?parent=18441"}],"wp:term":[{"taxonomy":"wf_page_folders","embeddable":true,"href":"https:\/\/innersync.de\/de\/wp-json\/wp\/v2\/wf_page_folders?post=18441"}],"curies":[{"name":"wp","href":"https:\/\/api.w.org\/{rel}","templated":true}]}}